{"id":790,"date":"2023-08-04T15:17:06","date_gmt":"2023-08-04T15:17:06","guid":{"rendered":"https:\/\/www.tienergy-usa.com\/?page_id=790"},"modified":"2025-08-29T10:08:32","modified_gmt":"2025-08-29T15:08:32","slug":"leadership-team","status":"publish","type":"page","link":"https:\/\/www.tienergy-usa.com\/pl\/zespol-przywodczy\/","title":{"rendered":"Zesp\u00f3\u0142 kierowniczy"},"content":{"rendered":"<section class=\"section dark\" id=\"section_1289849312\">\n\t\t<div class=\"section-bg fill\" >\n\t\t\t<img loading=\"lazy\" decoding=\"async\" width=\"2560\" height=\"1598\" src=\"https:\/\/www.tienergy-usa.com\/wp-content\/uploads\/2023\/08\/Leadership-Team-of-TiEnergy_Industry-experts-1-scaled.jpg\" class=\"bg attachment-original size-original\" alt=\"TiEnergy jest liderem w dostarczaniu innowacyjnych i zr\u00f3wnowa\u017conych rozwi\u0105za\u0144 w zakresie usuwania i recyklingu podk\u0142ad\u00f3w kolejowych dla kolei, drewna przemys\u0142owego dla przedsi\u0119biorstw komercyjnych i przemys\u0142owych oraz korzystnego ponownego wykorzystania na wysypiskach \u015bmieci.\" \/>\t\t\t\t\t\t<div class=\"section-bg-overlay absolute fill\"><\/div>\n\t\t\t\n\n\t\t<\/div>\n\n\t\t\n\n\t\t<div class=\"section-content relative\">\n\t\t\t\n\n\t<div id=\"gap-1023221168\" class=\"gap-element clearfix\" style=\"display:block; height:auto;\">\n\t\t\n<style>\n#gap-1023221168 {\n  padding-top: 30px;\n}\n@media (min-width:550px) {\n  #gap-1023221168 {\n    padding-top: 31px;\n  }\n}\n<\/style>\n\t<\/div>\n\t\n\n<div class=\"row align-middle\"  id=\"row-1679195690\">\n\n\n\t<div id=\"col-887719735\" class=\"col medium-9 small-12 large-9\"  >\n\t\t\t\t<div class=\"col-inner text-shadow-5\"  >\n\t\t\t\n\t\t\t\n\n\t<div id=\"text-2730484766\" class=\"text\">\n\t\t\n\n<h1 class=\"mb-half\">Eksperci bran\u017cowi<\/h1>\n\t\t\n<style>\n#text-2730484766 {\n  font-size: 1rem;\n  line-height: 1.2;\n}\n@media (min-width:550px) {\n  #text-2730484766 {\n    font-size: 1.5rem;\n  }\n}\n<\/style>\n\t<\/div>\n\t\n<h4>Rodzinna firma z wyj\u0105tkowym zespo\u0142em<\/h4>\n\t<div id=\"gap-1985940227\" class=\"gap-element clearfix\" style=\"display:block; height:auto;\">\n\t\t\n<style>\n#gap-1985940227 {\n  padding-top: 30px;\n}\n<\/style>\n\t<\/div>\n\t\n\n<a href=\"https:\/\/www.tienergy-usa.com\/pl\/skontaktuj-sie-z-nami\/\" class=\"button secondary\"  >\n\t\t<span>Po\u0142\u0105czmy si\u0119<\/span>\n\t<\/a>\n\n\n\n\t\t<\/div>\n\t\t\t\t\t<\/div>\n\n\t\n\n\t<div id=\"col-107026835\" class=\"col medium-3 small-12 large-3\"  >\n\t\t\t\t<div class=\"col-inner\"  >\n\t\t\t\n\t\t\t\n\n\t<div class=\"img has-hover x md-x lg-x y md-y lg-y\" id=\"image_1480042747\">\n\t\t\t\t\t\t\t\t<div class=\"img-inner dark\" >\n\t\t\t<img loading=\"lazy\" decoding=\"async\" width=\"1020\" height=\"1020\" src=\"https:\/\/www.tienergy-usa.com\/wp-content\/uploads\/2023\/08\/TE_20-Years-Plus-in-Service-Logo_04-05-23_Final-03.png\" class=\"attachment-large size-large\" alt=\"\" \/>\t\t\t\t\t\t\n\t\t\t\t\t<\/div>\n\t\t\t\t\t\t\t\t\n<style>\n#image_1480042747 {\n  width: 75%;\n}\n@media (min-width:550px) {\n  #image_1480042747 {\n    width: 100%;\n  }\n}\n<\/style>\n\t<\/div>\n\t\n\n\n\t\t<\/div>\n\t\t\t\t\t<\/div>\n\n\t\n\n<\/div>\n\n\t\t<\/div>\n\n\t\t\n<style>\n#section_1289849312 {\n  padding-top: 67px;\n  padding-bottom: 67px;\n  background-color: #176d3c;\n}\n#section_1289849312 .section-bg-overlay {\n  background-color: rgba(0, 0, 0, 0.434);\n}\n#section_1289849312 .section-bg img {\n  object-position: 65% 69%;\n}\n@media (min-width:550px) {\n  #section_1289849312 {\n    padding-top: 40px;\n    padding-bottom: 40px;\n  }\n}\n<\/style>\n\t<\/section>\n\t\n\n\t<section class=\"section\" id=\"section_1955740703\">\n\t\t<div class=\"section-bg fill\" >\n\t\t\t\t\t\t\t\t\t\n\t\t\t\n\n\t\t<\/div>\n\n\t\t\n\n\t\t<div class=\"section-content relative\">\n\t\t\t\n\n\t<div id=\"gap-2131149490\" class=\"gap-element clearfix\" style=\"display:block; height:auto;\">\n\t\t\n<style>\n#gap-2131149490 {\n  padding-top: 30px;\n}\n<\/style>\n\t<\/div>\n\t\n\n<div class=\"row align-center\"  id=\"row-455258973\">\n\n\n\t<div id=\"col-2013279531\" class=\"col medium-5 small-12 large-5\"  >\n\t\t\t\t<div class=\"col-inner text-center\"  >\n\t\t\t\n\t\t\t\n\n\t<div id=\"gap-89232076\" class=\"gap-element clearfix\" style=\"display:block; height:auto;\">\n\t\t\n<style>\n#gap-89232076 {\n  padding-top: 10px;\n}\n<\/style>\n\t<\/div>\n\t\n\n\t<div id=\"text-3215593399\" class=\"text\">\n\t\t\n\n<h3>TiEnergy<\/h3>\n<h2><strong>Zesp\u00f3\u0142 kierowniczy<\/strong><\/h2>\n\t\t\n<style>\n#text-3215593399 {\n  font-size: 1rem;\n  line-height: 1;\n}\n<\/style>\n\t<\/div>\n\t\n\n\t\t<\/div>\n\t\t\t\t\t<\/div>\n\n\t\n\n<\/div>\n<div class=\"row row-small align-center\"  id=\"row-1034110007\">\n\n\n\t<div id=\"col-1435245580\" class=\"col medium-4 small-6 large-3\"  >\n\t\t\t\t<div class=\"col-inner\"  >\n\t\t\t\n\t\t\t\n\n    <div class=\"box has-hover has-hover box-text-bottom\" >\n\n                  <div class=\"box-image\" >\n           <div class=\"box-image-inner image-cover\" style=\"padding-top:100%;\">\n              <img loading=\"lazy\" decoding=\"async\" width=\"360\" height=\"240\" src=\"https:\/\/www.tienergy-usa.com\/wp-content\/uploads\/2023\/08\/sberglund_TOPPICK-2.jpg\" class=\"attachment- size-\" alt=\"\" srcset=\"https:\/\/www.tienergy-usa.com\/wp-content\/uploads\/2023\/08\/sberglund_TOPPICK-2.jpg 360w, https:\/\/www.tienergy-usa.com\/wp-content\/uploads\/2023\/08\/sberglund_TOPPICK-2-18x12.jpg 18w\" sizes=\"auto, (max-width: 360px) 100vw, 360px\" \/>                         <\/div>\n          <\/div>\n         \n          <div class=\"box-text text-center\" >\n                <div class=\"box-text-inner\">\n                  <h4 class=\"uppercase\">\n                    <span class=\"person-name\">Stevena Berglunda<\/span><br\/>\n                    <span class=\"person-title is-small thin-font op-7\">\n                                          <\/span>\n                  <\/h4>\n\t\t\t\t\t\n\n<p>Prezydent<\/p>\n\n\n                <\/div>\n          <\/div>\n    <\/div>\n\n\t\n    \n\n\t\t<\/div>\n\t\t\t\t\t<\/div>\n\n\t\n\n\t<div id=\"col-78247416\" class=\"col medium-4 small-6 large-3\"  >\n\t\t\t\t<div class=\"col-inner\"  >\n\t\t\t\n\t\t\t\n\n    <div class=\"box has-hover has-hover box-text-bottom\" >\n\n                  <div class=\"box-image\" >\n           <div class=\"box-image-inner image-cover\" style=\"padding-top:100%;\">\n              <img loading=\"lazy\" decoding=\"async\" width=\"360\" height=\"240\" src=\"https:\/\/www.tienergy-usa.com\/wp-content\/uploads\/2023\/08\/Jerry-McCabe_TiEnergy-Leader-1.jpg\" class=\"attachment- size-\" alt=\"Jerry McCabe_TiEnergy Lider\" srcset=\"https:\/\/www.tienergy-usa.com\/wp-content\/uploads\/2023\/08\/Jerry-McCabe_TiEnergy-Leader-1.jpg 360w, https:\/\/www.tienergy-usa.com\/wp-content\/uploads\/2023\/08\/Jerry-McCabe_TiEnergy-Leader-1-18x12.jpg 18w\" sizes=\"auto, (max-width: 360px) 100vw, 360px\" \/>                         <\/div>\n          <\/div>\n         \n          <div class=\"box-text text-center\" >\n                <div class=\"box-text-inner\">\n                  <h4 class=\"uppercase\">\n                    <span class=\"person-name\">Jerry&#039;ego McCabe&#039;a<\/span><br\/>\n                    <span class=\"person-title is-small thin-font op-7\">\n                                          <\/span>\n                  <\/h4>\n\t\t\t\t\t\n\n<p>Dyrektor finansowy<\/p>\n\n                <\/div>\n          <\/div>\n    <\/div>\n\n\t\n    \n\n\t\t<\/div>\n\t\t\t\t\t<\/div>\n\n\t\n\n\t<div id=\"col-812188744\" class=\"col medium-4 small-6 large-3\"  >\n\t\t\t\t<div class=\"col-inner\"  >\n\t\t\t\n\t\t\t\n\n    <div class=\"box has-hover has-hover box-text-bottom\" >\n\n                  <div class=\"box-image\" >\n           <div class=\"box-image-inner image-cover\" style=\"padding-top:100%;\">\n              <img loading=\"lazy\" decoding=\"async\" width=\"360\" height=\"240\" src=\"https:\/\/www.tienergy-usa.com\/wp-content\/uploads\/2023\/08\/Greg-Kutschke_TiEnergy_Leader-in-Railroad-Sustainability-Solutions-1.jpg\" class=\"attachment- size-\" alt=\"Greg Kutschke_TiEnergy_Lider w dziedzinie zr\u00f3wnowa\u017conych rozwi\u0105za\u0144 dla kolei\" srcset=\"https:\/\/www.tienergy-usa.com\/wp-content\/uploads\/2023\/08\/Greg-Kutschke_TiEnergy_Leader-in-Railroad-Sustainability-Solutions-1.jpg 360w, https:\/\/www.tienergy-usa.com\/wp-content\/uploads\/2023\/08\/Greg-Kutschke_TiEnergy_Leader-in-Railroad-Sustainability-Solutions-1-18x12.jpg 18w\" sizes=\"auto, (max-width: 360px) 100vw, 360px\" \/>                         <\/div>\n          <\/div>\n         \n          <div class=\"box-text text-center\" >\n                <div class=\"box-text-inner\">\n                  <h4 class=\"uppercase\">\n                    <span class=\"person-name\">Grega Kutschkego<\/span><br\/>\n                    <span class=\"person-title is-small thin-font op-7\">\n                                          <\/span>\n                  <\/h4>\n\t\t\t\t\t\n\n<p>Wiceprezes Wykonawczy<\/p>\n\n                <\/div>\n          <\/div>\n    <\/div>\n\n\t\n    \n\n\t\t<\/div>\n\t\t\t\t\t<\/div>\n\n\t\n\n\t<div id=\"col-2116030596\" class=\"col medium-4 small-6 large-3\"  >\n\t\t\t\t<div class=\"col-inner\"  >\n\t\t\t\n\t\t\t\n\n    <div class=\"box has-hover has-hover box-text-bottom\" >\n\n                  <div class=\"box-image\" >\n           <div class=\"box-image-inner image-cover\" style=\"padding-top:100%;\">\n              <img loading=\"lazy\" decoding=\"async\" width=\"360\" height=\"240\" src=\"https:\/\/www.tienergy-usa.com\/wp-content\/uploads\/2023\/08\/skyle_TOPPICK-2.jpg\" class=\"attachment- size-\" alt=\"Steven Kyle_TiEnergy_Railroad Lider zr\u00f3wnowa\u017conego rozwoju\" srcset=\"https:\/\/www.tienergy-usa.com\/wp-content\/uploads\/2023\/08\/skyle_TOPPICK-2.jpg 360w, https:\/\/www.tienergy-usa.com\/wp-content\/uploads\/2023\/08\/skyle_TOPPICK-2-18x12.jpg 18w\" sizes=\"auto, (max-width: 360px) 100vw, 360px\" \/>                         <\/div>\n          <\/div>\n         \n          <div class=\"box-text text-center\" >\n                <div class=\"box-text-inner\">\n                  <h4 class=\"uppercase\">\n                    <span class=\"person-name\">Stevena Kyle&#039;a<\/span><br\/>\n                    <span class=\"person-title is-small thin-font op-7\">\n                                          <\/span>\n                  <\/h4>\n\t\t\t\t\t\n\n<p>Dyrektor ds. Zasob\u00f3w Ludzkich i Bezpiecze\u0144stwa<\/p>\n\n                <\/div>\n          <\/div>\n    <\/div>\n\n\t\n    \n\n\t\t<\/div>\n\t\t\t\t\t<\/div>\n\n\t\n\n\t<div id=\"col-10399895\" class=\"col medium-4 small-6 large-3\"  >\n\t\t\t\t<div class=\"col-inner\"  >\n\t\t\t\n\t\t\t\n\n    <div class=\"box has-hover has-hover box-text-bottom\" >\n\n                  <div class=\"box-image\" >\n           <div class=\"box-image-inner image-cover\" style=\"padding-top:100%;\">\n              <img loading=\"lazy\" decoding=\"async\" width=\"360\" height=\"240\" src=\"https:\/\/www.tienergy-usa.com\/wp-content\/uploads\/2023\/08\/Jamie-Hodge_TiEnergy_Leader-in-Railroad-Sustainability-Solutions.jpg\" class=\"attachment- size-\" alt=\"Jamie Hodge_TiEnergy_Lider w dziedzinie zr\u00f3wnowa\u017conych rozwi\u0105za\u0144 dla kolei\" srcset=\"https:\/\/www.tienergy-usa.com\/wp-content\/uploads\/2023\/08\/Jamie-Hodge_TiEnergy_Leader-in-Railroad-Sustainability-Solutions.jpg 360w, https:\/\/www.tienergy-usa.com\/wp-content\/uploads\/2023\/08\/Jamie-Hodge_TiEnergy_Leader-in-Railroad-Sustainability-Solutions-18x12.jpg 18w\" sizes=\"auto, (max-width: 360px) 100vw, 360px\" \/>                         <\/div>\n          <\/div>\n         \n          <div class=\"box-text text-center\" >\n                <div class=\"box-text-inner\">\n                  <h4 class=\"uppercase\">\n                    <span class=\"person-name\">Jamiego Hodge&#039;a<\/span><br\/>\n                    <span class=\"person-title is-small thin-font op-7\">\n                                          <\/span>\n                  <\/h4>\n\t\t\t\t\t\n\n<p>Specjalista ds. kont i koordynator ds. marketingu<\/p>\n\n                <\/div>\n          <\/div>\n    <\/div>\n\n\t\n    \n\n\t\t<\/div>\n\t\t\t\t\t<\/div>\n\n\t\n\n\t<div id=\"col-505332504\" class=\"col medium-4 small-6 large-3\"  >\n\t\t\t\t<div class=\"col-inner\"  >\n\t\t\t\n\t\t\t\n\n    <div class=\"box has-hover has-hover box-text-bottom\" >\n\n                  <div class=\"box-image\" >\n           <div class=\"box-image-inner image-cover\" style=\"padding-top:100%;\">\n              <img loading=\"lazy\" decoding=\"async\" width=\"360\" height=\"240\" src=\"https:\/\/www.tienergy-usa.com\/wp-content\/uploads\/2023\/08\/liacovelli_TOPPICK-2.jpg\" class=\"attachment- size-\" alt=\"Louie Liacovelli_TiEnergy\" srcset=\"https:\/\/www.tienergy-usa.com\/wp-content\/uploads\/2023\/08\/liacovelli_TOPPICK-2.jpg 360w, https:\/\/www.tienergy-usa.com\/wp-content\/uploads\/2023\/08\/liacovelli_TOPPICK-2-18x12.jpg 18w\" sizes=\"auto, (max-width: 360px) 100vw, 360px\" \/>                         <\/div>\n          <\/div>\n         \n          <div class=\"box-text text-center\" >\n                <div class=\"box-text-inner\">\n                  <h4 class=\"uppercase\">\n                    <span class=\"person-name\">Louis Lacovelli<\/span><br\/>\n                    <span class=\"person-title is-small thin-font op-7\">\n                                          <\/span>\n                  <\/h4>\n\t\t\t\t\t\n\n<p>Przedstawiciel konta<\/p>\n\n                <\/div>\n          <\/div>\n    <\/div>\n\n\t\n    \n\n\t\t<\/div>\n\t\t\t\t\t<\/div>\n\n\t\n\n\t<div id=\"col-1216160071\" class=\"col medium-4 small-6 large-3\"  >\n\t\t\t\t<div class=\"col-inner\"  >\n\t\t\t\n\t\t\t\n\n    <div class=\"box has-hover has-hover box-text-bottom\" >\n\n                  <div class=\"box-image\" >\n           <div class=\"box-image-inner image-cover\" style=\"padding-top:100%;\">\n              <img loading=\"lazy\" decoding=\"async\" width=\"360\" height=\"240\" src=\"https:\/\/www.tienergy-usa.com\/wp-content\/uploads\/2023\/08\/sberglund1_TOPPICK-3.jpg\" class=\"attachment- size-\" alt=\"Steve Berglund_Zdobywca nagrody Crains Sustainability Award_TiEnergy\" srcset=\"https:\/\/www.tienergy-usa.com\/wp-content\/uploads\/2023\/08\/sberglund1_TOPPICK-3.jpg 360w, https:\/\/www.tienergy-usa.com\/wp-content\/uploads\/2023\/08\/sberglund1_TOPPICK-3-18x12.jpg 18w\" sizes=\"auto, (max-width: 360px) 100vw, 360px\" \/>                         <\/div>\n          <\/div>\n         \n          <div class=\"box-text text-center\" >\n                <div class=\"box-text-inner\">\n                  <h4 class=\"uppercase\">\n                    <span class=\"person-name\">Steve&#039;a Berglunda<\/span><br\/>\n                    <span class=\"person-title is-small thin-font op-7\">\n                                          <\/span>\n                  <\/h4>\n\t\t\t\t\t\n\n<p>W kochaj\u0105cej pami\u0119ci naszego wizjonerskiego przyw\u00f3dcy<\/p>\n\n\n                <\/div>\n          <\/div>\n    <\/div>\n\n\t\n    \n\n\t\t<\/div>\n\t\t\t\t\t<\/div>\n\n\t\n\n\t<div id=\"col-579716127\" class=\"col medium-4 small-6 large-3\"  >\n\t\t\t\t<div class=\"col-inner\"  >\n\t\t\t\n\t\t\t\n\n\n\t\t<\/div>\n\t\t\t\t\t<\/div>\n\n\t\n\n<\/div>\n\n\t\t<\/div>\n\n\t\t\n<style>\n#section_1955740703 {\n  padding-top: 30px;\n  padding-bottom: 30px;\n}\n<\/style>\n\t<\/section>\n\t\n\n\t<section class=\"section\" id=\"section_258308087\">\n\t\t<div class=\"section-bg fill\" >\n\t\t\t\t\t\t\t\t\t<div class=\"section-bg-overlay absolute fill\"><\/div>\n\t\t\t\n\n\t\t<\/div>\n\n\t\t\n\n\t\t<div class=\"section-content relative\">\n\t\t\t\n\n\t<div id=\"gap-1992611728\" class=\"gap-element clearfix\" style=\"display:block; height:auto;\">\n\t\t\n<style>\n#gap-1992611728 {\n  padding-top: 31px;\n}\n<\/style>\n\t<\/div>\n\t\n\n<div class=\"row row-large align-middle\"  id=\"row-1983055289\">\n\n\n\t<div id=\"col-1612862177\" class=\"col medium-6 small-12 large-6\"  >\n\t\t\t\t<div class=\"col-inner text-left\"  >\n\t\t\t\n\t\t\t\n\n\t<div id=\"text-657511118\" class=\"text\">\n\t\t\n\n<h3 class=\"entry-title\"><strong>Za\u0142o\u017cyciel i prezes TiEnergy, Steve Berglund, uhonorowany przez Crain&#039;s Business jako \u201eWybitny lider w dziedzinie zr\u00f3wnowa\u017conego rozwoju\u201d<\/strong><\/h3>\n\t\t\n<style>\n#text-657511118 {\n  line-height: 1.2;\n}\n<\/style>\n\t<\/div>\n\t\n\t<div id=\"gap-823946047\" class=\"gap-element clearfix\" style=\"display:block; height:auto;\">\n\t\t\n<style>\n#gap-823946047 {\n  padding-top: 20px;\n}\n<\/style>\n\t<\/div>\n\t\n\n<a href=\"http:\/\/tienergy.mmmrecycles.com\/in-the-news\/tienergys-founder-president-steve-berglund-honored-by-crains-business-as-a-notable-leader-in-sustainability\/\" target=\"_blank\" class=\"button secondary\" rel=\"noopener\"  >\n\t\t<span>Czytaj wi\u0119cej<\/span>\n\t<\/a>\n\n\n\n\t\t<\/div>\n\t\t\t\t\t<\/div>\n\n\t\n\n\t<div id=\"col-992326384\" class=\"col medium-6 small-12 large-6\"  >\n\t\t\t\t<div class=\"col-inner\"  >\n\t\t\t\n\t\t\t\n\n\t<div class=\"img has-hover x md-x lg-x y md-y lg-y\" id=\"image_18002026\">\n\t\t\t\t\t\t\t\t<div class=\"img-inner dark\" >\n\t\t\t<img loading=\"lazy\" decoding=\"async\" width=\"1020\" height=\"536\" src=\"https:\/\/www.tienergy-usa.com\/wp-content\/uploads\/2023\/08\/TiE_Crains-Leader-in-Sustainability2-1024x538.jpg\" class=\"attachment-large size-large\" alt=\"TiEnergy_Crains Sustainability Award Winner_Steve Berglund\" srcset=\"https:\/\/www.tienergy-usa.com\/wp-content\/uploads\/2023\/08\/TiE_Crains-Leader-in-Sustainability2-1024x538.jpg 1024w, https:\/\/www.tienergy-usa.com\/wp-content\/uploads\/2023\/08\/TiE_Crains-Leader-in-Sustainability2-500x263.jpg 500w, https:\/\/www.tienergy-usa.com\/wp-content\/uploads\/2023\/08\/TiE_Crains-Leader-in-Sustainability2-768x403.jpg 768w, https:\/\/www.tienergy-usa.com\/wp-content\/uploads\/2023\/08\/TiE_Crains-Leader-in-Sustainability2-1536x807.jpg 1536w, https:\/\/www.tienergy-usa.com\/wp-content\/uploads\/2023\/08\/TiE_Crains-Leader-in-Sustainability2-2048x1076.jpg 2048w, https:\/\/www.tienergy-usa.com\/wp-content\/uploads\/2023\/08\/TiE_Crains-Leader-in-Sustainability2-18x9.jpg 18w\" sizes=\"auto, (max-width: 1020px) 100vw, 1020px\" \/>\t\t\t\t\t\t\n\t\t\t\t\t<\/div>\n\t\t\t\t\t\t\t\t\n<style>\n#image_18002026 {\n  width: 100%;\n}\n<\/style>\n\t<\/div>\n\t\n\n\n\t\t<\/div>\n\t\t\t\t\t<\/div>\n\n\t\n\n<\/div>\n\n\t\t<\/div>\n\n\t\t\n<style>\n#section_258308087 {\n  padding-top: 60px;\n  padding-bottom: 60px;\n  background-color: rgb(193, 193, 193);\n}\n#section_258308087 .section-bg-overlay {\n  background-color: rgba(255, 255, 255, 0.85);\n}\n<\/style>\n\t<\/section>","protected":false},"excerpt":{"rendered":"","protected":false},"author":2,"featured_media":0,"parent":0,"menu_order":0,"comment_status":"closed","ping_status":"closed","template":"page-blank.php","meta":{"footnotes":""},"class_list":["post-790","page","type-page","status-publish","hentry"],"yoast_head":"<!-- This site is optimized with the Yoast SEO plugin v27.4 - https:\/\/yoast.com\/product\/yoast-seo-wordpress\/ -->\n<title>Leadership Team - TiEnergy I Railroad Sustainability I Tie Recycling<\/title>\n<meta name=\"description\" content=\"The railroad Industry experts at TiEnergy provide innovative and sustainable solutions for the removal, and recycling of railroad ties\" \/>\n<meta name=\"robots\" content=\"index, follow, max-snippet:-1, max-image-preview:large, max-video-preview:-1\" \/>\n<link rel=\"canonical\" href=\"https:\/\/www.tienergy-usa.com\/pl\/zespol-przywodczy\/\" \/>\n<meta property=\"og:locale\" content=\"pl_PL\" \/>\n<meta property=\"og:type\" content=\"article\" \/>\n<meta property=\"og:title\" content=\"Leadership Team - TiEnergy I Railroad Sustainability I Tie Recycling\" \/>\n<meta property=\"og:description\" content=\"The railroad Industry experts at TiEnergy provide innovative and sustainable solutions for the removal, and recycling of railroad ties\" \/>\n<meta property=\"og:url\" content=\"https:\/\/www.tienergy-usa.com\/pl\/zespol-przywodczy\/\" \/>\n<meta property=\"og:site_name\" content=\"TiEnergy I Railroad Sustainability I Tie Recycling\" \/>\n<meta property=\"article:modified_time\" content=\"2025-08-29T15:08:32+00:00\" \/>\n<meta name=\"twitter:card\" content=\"summary_large_image\" \/>\n<script type=\"application\/ld+json\" class=\"yoast-schema-graph\">{\"@context\":\"https:\\\/\\\/schema.org\",\"@graph\":[{\"@type\":\"WebPage\",\"@id\":\"https:\\\/\\\/www.tienergy-usa.com\\\/leadership-team\\\/\",\"url\":\"https:\\\/\\\/www.tienergy-usa.com\\\/leadership-team\\\/\",\"name\":\"Leadership Team - TiEnergy I Railroad Sustainability I Tie Recycling\",\"isPartOf\":{\"@id\":\"https:\\\/\\\/www.tienergy-usa.com\\\/#website\"},\"datePublished\":\"2023-08-04T15:17:06+00:00\",\"dateModified\":\"2025-08-29T15:08:32+00:00\",\"description\":\"The railroad Industry experts at TiEnergy provide innovative and sustainable solutions for the removal, and recycling of railroad ties\",\"breadcrumb\":{\"@id\":\"https:\\\/\\\/www.tienergy-usa.com\\\/leadership-team\\\/#breadcrumb\"},\"inLanguage\":\"pl-PL\",\"potentialAction\":[{\"@type\":\"ReadAction\",\"target\":[\"https:\\\/\\\/www.tienergy-usa.com\\\/leadership-team\\\/\"]}]},{\"@type\":\"BreadcrumbList\",\"@id\":\"https:\\\/\\\/www.tienergy-usa.com\\\/leadership-team\\\/#breadcrumb\",\"itemListElement\":[{\"@type\":\"ListItem\",\"position\":1,\"name\":\"Home\",\"item\":\"https:\\\/\\\/www.tienergy-usa.com\\\/\"},{\"@type\":\"ListItem\",\"position\":2,\"name\":\"Leadership Team\"}]},{\"@type\":\"WebSite\",\"@id\":\"https:\\\/\\\/www.tienergy-usa.com\\\/#website\",\"url\":\"https:\\\/\\\/www.tienergy-usa.com\\\/\",\"name\":\"TiEnergy I Railroad Sustainability I Tie Recycling\",\"description\":\"Change the process, change the world one tie at a time.\",\"potentialAction\":[{\"@type\":\"SearchAction\",\"target\":{\"@type\":\"EntryPoint\",\"urlTemplate\":\"https:\\\/\\\/www.tienergy-usa.com\\\/?s={search_term_string}\"},\"query-input\":{\"@type\":\"PropertyValueSpecification\",\"valueRequired\":true,\"valueName\":\"search_term_string\"}}],\"inLanguage\":\"pl-PL\"}]}<\/script>\n<!-- \/ Yoast SEO plugin. -->","yoast_head_json":{"title":"Zesp\u00f3\u0142 kierowniczy - TiEnergy I Zr\u00f3wnowa\u017cony rozw\u00f3j kolei I Tie Recycling","description":"Eksperci bran\u017cy kolejowej w TiEnergy zapewniaj\u0105 innowacyjne i zr\u00f3wnowa\u017cone rozwi\u0105zania w zakresie usuwania i recyklingu podk\u0142ad\u00f3w kolejowych","robots":{"index":"index","follow":"follow","max-snippet":"max-snippet:-1","max-image-preview":"max-image-preview:large","max-video-preview":"max-video-preview:-1"},"canonical":"https:\/\/www.tienergy-usa.com\/pl\/zespol-przywodczy\/","og_locale":"pl_PL","og_type":"article","og_title":"Leadership Team - TiEnergy I Railroad Sustainability I Tie Recycling","og_description":"The railroad Industry experts at TiEnergy provide innovative and sustainable solutions for the removal, and recycling of railroad ties","og_url":"https:\/\/www.tienergy-usa.com\/pl\/zespol-przywodczy\/","og_site_name":"TiEnergy I Railroad Sustainability I Tie Recycling","article_modified_time":"2025-08-29T15:08:32+00:00","twitter_card":"summary_large_image","schema":{"@context":"https:\/\/schema.org","@graph":[{"@type":"WebPage","@id":"https:\/\/www.tienergy-usa.com\/leadership-team\/","url":"https:\/\/www.tienergy-usa.com\/leadership-team\/","name":"Zesp\u00f3\u0142 kierowniczy - TiEnergy I Zr\u00f3wnowa\u017cony rozw\u00f3j kolei I Tie Recycling","isPartOf":{"@id":"https:\/\/www.tienergy-usa.com\/#website"},"datePublished":"2023-08-04T15:17:06+00:00","dateModified":"2025-08-29T15:08:32+00:00","description":"Eksperci bran\u017cy kolejowej w TiEnergy zapewniaj\u0105 innowacyjne i zr\u00f3wnowa\u017cone rozwi\u0105zania w zakresie usuwania i recyklingu podk\u0142ad\u00f3w kolejowych","breadcrumb":{"@id":"https:\/\/www.tienergy-usa.com\/leadership-team\/#breadcrumb"},"inLanguage":"pl-PL","potentialAction":[{"@type":"ReadAction","target":["https:\/\/www.tienergy-usa.com\/leadership-team\/"]}]},{"@type":"BreadcrumbList","@id":"https:\/\/www.tienergy-usa.com\/leadership-team\/#breadcrumb","itemListElement":[{"@type":"ListItem","position":1,"name":"Home","item":"https:\/\/www.tienergy-usa.com\/"},{"@type":"ListItem","position":2,"name":"Leadership Team"}]},{"@type":"WebSite","@id":"https:\/\/www.tienergy-usa.com\/#website","url":"https:\/\/www.tienergy-usa.com\/","name":"TiEnergy I Zr\u00f3wnowa\u017cony rozw\u00f3j kolei I Tie Recycling","description":"Zmie\u0144 proces, zmie\u0144 \u015bwiat po kolei.","potentialAction":[{"@type":"SearchAction","target":{"@type":"EntryPoint","urlTemplate":"https:\/\/www.tienergy-usa.com\/?s={search_term_string}"},"query-input":{"@type":"PropertyValueSpecification","valueRequired":true,"valueName":"search_term_string"}}],"inLanguage":"pl-PL"}]}},"_links":{"self":[{"href":"https:\/\/www.tienergy-usa.com\/pl\/wp-json\/wp\/v2\/pages\/790","targetHints":{"allow":["GET"]}}],"collection":[{"href":"https:\/\/www.tienergy-usa.com\/pl\/wp-json\/wp\/v2\/pages"}],"about":[{"href":"https:\/\/www.tienergy-usa.com\/pl\/wp-json\/wp\/v2\/types\/page"}],"author":[{"embeddable":true,"href":"https:\/\/www.tienergy-usa.com\/pl\/wp-json\/wp\/v2\/users\/2"}],"replies":[{"embeddable":true,"href":"https:\/\/www.tienergy-usa.com\/pl\/wp-json\/wp\/v2\/comments?post=790"}],"version-history":[{"count":8,"href":"https:\/\/www.tienergy-usa.com\/pl\/wp-json\/wp\/v2\/pages\/790\/revisions"}],"predecessor-version":[{"id":1290,"href":"https:\/\/www.tienergy-usa.com\/pl\/wp-json\/wp\/v2\/pages\/790\/revisions\/1290"}],"wp:attachment":[{"href":"https:\/\/www.tienergy-usa.com\/pl\/wp-json\/wp\/v2\/media?parent=790"}],"curies":[{"name":"wp","href":"https:\/\/api.w.org\/{rel}","templated":true}]}}