{"id":765,"date":"2023-08-04T11:26:49","date_gmt":"2023-08-04T11:26:49","guid":{"rendered":"https:\/\/www.tienergy-usa.com\/?page_id=765"},"modified":"2026-03-25T14:37:38","modified_gmt":"2026-03-25T19:37:38","slug":"about-us","status":"publish","type":"page","link":"https:\/\/www.tienergy-usa.com\/pl\/o-nas\/","title":{"rendered":"O nas"},"content":{"rendered":"<section class=\"section dark\" id=\"section_1854740142\">\n\t\t<div class=\"section-bg fill\" >\n\t\t\t<img loading=\"lazy\" decoding=\"async\" width=\"2560\" height=\"1598\" src=\"https:\/\/www.tienergy-usa.com\/wp-content\/uploads\/2023\/08\/About-Us_Innovative-sustainable-solutions-for-railroads_TiEnergy-gives-new-life-to-expired-ties-2-scaled.jpg\" class=\"bg attachment-original size-original\" alt=\"Innowacyjne-zr\u00f3wnowa\u017cone-rozwi\u0105zania-dla-kolei_TiEnergy-daje-nowe-\u017cycie-do-wygas\u0142ych-wi\u0119zi\" \/>\t\t\t\t\t\t<div class=\"section-bg-overlay absolute fill\"><\/div>\n\t\t\t\n\n\t\t<\/div>\n\n\t\t\n\n\t\t<div class=\"section-content relative\">\n\t\t\t\n\n\t<div id=\"gap-694137310\" class=\"gap-element clearfix\" style=\"display:block; height:auto;\">\n\t\t\n<style>\n#gap-694137310 {\n  padding-top: 30px;\n}\n@media (min-width:550px) {\n  #gap-694137310 {\n    padding-top: 50px;\n  }\n}\n<\/style>\n\t<\/div>\n\t\n\n<div class=\"row align-middle\"  id=\"row-793826211\">\n\n\n\t<div id=\"col-2142566649\" class=\"col medium-9 small-12 large-9\"  >\n\t\t\t\t<div class=\"col-inner text-shadow-5\"  >\n\t\t\t\n\t\t\t\n\n\t<div id=\"text-425852701\" class=\"text\">\n\t\t\n\n<h1 class=\"mb-half\"><strong>Innowacyjne, zr\u00f3wnowa\u017cone rozwi\u0105zania dla kolei<\/strong><\/h1>\n\t\t\n<style>\n#text-425852701 {\n  font-size: 1rem;\n  line-height: 1.1;\n}\n@media (min-width:550px) {\n  #text-425852701 {\n    font-size: 1.4rem;\n  }\n}\n<\/style>\n\t<\/div>\n\t\n\t<div id=\"text-2898177139\" class=\"text\">\n\t\t\n\n<h4><strong>TiEnergy daje nowe \u017cycie przeterminowanym wi\u0119ziom.<\/strong><\/h4>\n\t\t\n<style>\n#text-2898177139 {\n  font-size: 1.1rem;\n  line-height: 1.3;\n}\n<\/style>\n\t<\/div>\n\t\n\t<div id=\"gap-57322391\" class=\"gap-element clearfix\" style=\"display:block; height:auto;\">\n\t\t\n<style>\n#gap-57322391 {\n  padding-top: 30px;\n}\n<\/style>\n\t<\/div>\n\t\n\n<a href=\"https:\/\/www.tienergy-usa.com\/pl\/skontaktuj-sie-z-nami\/\" class=\"button secondary\"  >\n\t\t<span>Po\u0142\u0105czmy si\u0119<\/span>\n\t<\/a>\n\n\n\n\t\t<\/div>\n\t\t\t\t\t<\/div>\n\n\t\n\n\t<div id=\"col-1846555768\" class=\"col medium-3 small-12 large-3\"  >\n\t\t\t\t<div class=\"col-inner\"  >\n\t\t\t\n\t\t\t\n\n\t<div class=\"img has-hover x md-x lg-x y md-y lg-y\" id=\"image_1862222150\">\n\t\t\t\t\t\t\t\t<div class=\"img-inner dark\" >\n\t\t\t<img loading=\"lazy\" decoding=\"async\" width=\"1020\" height=\"1020\" src=\"https:\/\/www.tienergy-usa.com\/wp-content\/uploads\/2023\/08\/TE_20-Years-Plus-in-Service-Logo_04-05-23_Final-03.png\" class=\"attachment-large size-large\" alt=\"\" \/>\t\t\t\t\t\t\n\t\t\t\t\t<\/div>\n\t\t\t\t\t\t\t\t\n<style>\n#image_1862222150 {\n  width: 75%;\n}\n@media (min-width:550px) {\n  #image_1862222150 {\n    width: 100%;\n  }\n}\n<\/style>\n\t<\/div>\n\t\n\n\n\t\t<\/div>\n\t\t\t\t\t<\/div>\n\n\t\n\n<\/div>\n\n\t\t<\/div>\n\n\t\t\n<style>\n#section_1854740142 {\n  padding-top: 67px;\n  padding-bottom: 67px;\n  background-color: #176d3c;\n}\n#section_1854740142 .section-bg-overlay {\n  background-color: rgba(0, 0, 0, 0.434);\n}\n#section_1854740142 .section-bg img {\n  object-position: 59% 34%;\n}\n@media (min-width:550px) {\n  #section_1854740142 {\n    padding-top: 30px;\n    padding-bottom: 30px;\n  }\n}\n<\/style>\n\t<\/section>\n\t\n\n\t<section class=\"section\" id=\"section_1491733908\">\n\t\t<div class=\"section-bg fill\" >\n\t\t\t\t\t\t\t\t\t\n\t\t\t\n\n\t\t<\/div>\n\n\t\t\n\n\t\t<div class=\"section-content relative\">\n\t\t\t\n\n<div class=\"row\"  id=\"row-259521083\">\n\n\n\t<div id=\"col-988167303\" class=\"col small-12 large-12\"  >\n\t\t\t\t<div class=\"col-inner text-center\"  >\n\t\t\t\n\t\t\t\n\n\t<div id=\"text-2630831802\" class=\"text\">\n\t\t\n\n<h2 class=\"mb-half\"><strong>Czym si\u0119 r\u00f3\u017cnimy<\/strong><\/h2>\n<h5>Nasi klienci m\u00f3wi\u0105 nam, \u017ce ich #1 za korzystanie z nas to \u0142atwo\u015b\u0107 prowadzenia dzia\u0142alno\u015bci<\/h5>\n\t\t\n<style>\n#text-2630831802 {\n  line-height: 1;\n}\n<\/style>\n\t<\/div>\n\t\n\n\t\t<\/div>\n\t\t\t\t\t<\/div>\n\n\t\n\n<\/div>\n<div class=\"row\"  id=\"row-1963687032\">\n\n\n\t<div id=\"col-223525595\" class=\"col medium-6 small-12 large-4\"  >\n\t\t\t\t<div class=\"col-inner text-left\"  >\n\t\t\t\n\t\t\t\n\n\t<div class=\"box has-hover   has-hover box-text-bottom\" >\n\n\t\t<div class=\"box-image\" >\n\t\t\t\t\t\t<div class=\"image-cover\" style=\"padding-top:75%;\">\n\t\t\t\t<img loading=\"lazy\" decoding=\"async\" width=\"422\" height=\"341\" src=\"https:\/\/www.tienergy-usa.com\/wp-content\/uploads\/2023\/08\/About-Us_Innovative-eco-friendly-process-1.png\" class=\"attachment- size-\" alt=\"O nas_Innowacyjny proces przyjazny dla \u015brodowiska\" srcset=\"https:\/\/www.tienergy-usa.com\/wp-content\/uploads\/2023\/08\/About-Us_Innovative-eco-friendly-process-1.png 422w, https:\/\/www.tienergy-usa.com\/wp-content\/uploads\/2023\/08\/About-Us_Innovative-eco-friendly-process-1-15x12.png 15w\" sizes=\"auto, (max-width: 422px) 100vw, 422px\" \/>\t\t\t\t\t\t\t\t\t\t\t<\/div>\n\t\t\t\t\t<\/div>\n\n\t\t<div class=\"box-text text-left\" >\n\t\t\t<div class=\"box-text-inner\">\n\t\t\t\t\n\n<h4><strong>Transport floty<\/strong><\/h4>\n\t<div id=\"gap-796896964\" class=\"gap-element clearfix\" style=\"display:block; height:auto;\">\n\t\t\n<style>\n#gap-796896964 {\n  padding-top: 10px;\n}\n<\/style>\n\t<\/div>\n\t\n\n<p>Dysponuj\u0105c flot\u0105 samochod\u00f3w ci\u0119\u017carowych, jeste\u015bmy w stanie zmobilizowa\u0107 si\u0119 w dowolnym miejscu na \u015arodkowym Zachodzie i zeszlifowa\u0107 po\u0142\u0105czenia kolejowe na miejscu oraz przetransportowa\u0107 poza teren zak\u0142adu.\u200b<\/p>\n\n\t\t\t<\/div>\n\t\t<\/div>\n\t<\/div>\n\t\n\n\t\t<\/div>\n\t\t\t\t\t<\/div>\n\n\t\n\n\t<div id=\"col-1791102573\" class=\"col medium-6 small-12 large-4\"  >\n\t\t\t\t<div class=\"col-inner text-left\"  >\n\t\t\t\n\t\t\t\n\n\t<div class=\"box has-hover   has-hover box-text-bottom\" >\n\n\t\t<div class=\"box-image\" >\n\t\t\t\t\t\t<div class=\"image-cover\" style=\"padding-top:75%;\">\n\t\t\t\t<img loading=\"lazy\" decoding=\"async\" width=\"422\" height=\"341\" src=\"https:\/\/www.tienergy-usa.com\/wp-content\/uploads\/2023\/08\/About-Us_Belt-Way-Access.png\" class=\"attachment- size-\" alt=\"\" srcset=\"https:\/\/www.tienergy-usa.com\/wp-content\/uploads\/2023\/08\/About-Us_Belt-Way-Access.png 422w, https:\/\/www.tienergy-usa.com\/wp-content\/uploads\/2023\/08\/About-Us_Belt-Way-Access-15x12.png 15w\" sizes=\"auto, (max-width: 422px) 100vw, 422px\" \/>\t\t\t\t\t\t\t\t\t\t\t<\/div>\n\t\t\t\t\t<\/div>\n\n\t\t<div class=\"box-text text-left\" >\n\t\t\t<div class=\"box-text-inner\">\n\t\t\t\t\n\n<h4><strong>Dost\u0119p do Belt Railway Company w Chicago<\/strong><\/h4>\n\t<div id=\"gap-201737338\" class=\"gap-element clearfix\" style=\"display:block; height:auto;\">\n\t\t\n<style>\n#gap-201737338 {\n  padding-top: 10px;\n}\n<\/style>\n\t<\/div>\n\t\n\n<p>Powi\u0105zania kolejowe mog\u0105 by\u0107 akceptowane w ca\u0142ym kraju kolej\u0105<\/p>\n\n\t\t\t<\/div>\n\t\t<\/div>\n\t<\/div>\n\t\n\n\t\t<\/div>\n\t\t\t\t\t<\/div>\n\n\t\n\n\t<div id=\"col-1467004138\" class=\"col medium-6 small-12 large-4\"  >\n\t\t\t\t<div class=\"col-inner text-left\"  >\n\t\t\t\n\t\t\t\n\n\t<div class=\"box has-hover   has-hover box-text-bottom\" >\n\n\t\t<div class=\"box-image\" >\n\t\t\t\t\t\t<div class=\"image-cover\" style=\"padding-top:75%;\">\n\t\t\t\t<img loading=\"lazy\" decoding=\"async\" width=\"422\" height=\"341\" src=\"https:\/\/www.tienergy-usa.com\/wp-content\/uploads\/2023\/08\/About-Us_Patented-Tech.png\" class=\"attachment- size-\" alt=\"TiEnergy_O nas_Opatentowana technologia zapewniaj\u0105ca zr\u00f3wnowa\u017cony rozw\u00f3j kolei\" srcset=\"https:\/\/www.tienergy-usa.com\/wp-content\/uploads\/2023\/08\/About-Us_Patented-Tech.png 422w, https:\/\/www.tienergy-usa.com\/wp-content\/uploads\/2023\/08\/About-Us_Patented-Tech-15x12.png 15w\" sizes=\"auto, (max-width: 422px) 100vw, 422px\" \/>\t\t\t\t\t\t\t\t\t\t\t<\/div>\n\t\t\t\t\t<\/div>\n\n\t\t<div class=\"box-text text-left\" >\n\t\t\t<div class=\"box-text-inner\">\n\t\t\t\t\n\n<h4><strong>Opatentowana technologia<\/strong><\/h4>\n\t<div id=\"gap-887614640\" class=\"gap-element clearfix\" style=\"display:block; height:auto;\">\n\t\t\n<style>\n#gap-887614640 {\n  padding-top: 10px;\n}\n<\/style>\n\t<\/div>\n\t\n\n<p>Maszyny TiEnergy oddzielaj\u0105 metal i drewno dziesi\u0119\u0107 razy szybciej ni\u017c tradycyjne procesy<\/p>\n\n\t\t\t<\/div>\n\t\t<\/div>\n\t<\/div>\n\t\n\n\t\t<\/div>\n\t\t\t\t\t<\/div>\n\n\t\n\n\n<style>\n#row-1963687032 > .col > .col-inner {\n  padding: 0px 0px 0px 0px;\n}\n<\/style>\n<\/div>\n\n\t\t<\/div>\n\n\t\t\n<style>\n#section_1491733908 {\n  padding-top: 50px;\n  padding-bottom: 50px;\n}\n<\/style>\n\t<\/section>\n\t\n\n\t<section class=\"section\" id=\"section_272761344\">\n\t\t<div class=\"section-bg fill\" >\n\t\t\t\t\t\t\t\t\t<div class=\"section-bg-overlay absolute fill\"><\/div>\n\t\t\t\n\n\t\t<\/div>\n\n\t\t\n\n\t\t<div class=\"section-content relative\">\n\t\t\t\n\n<div class=\"row\"  id=\"row-1668363765\">\n\n\n\t<div id=\"col-1078738383\" class=\"col small-12 large-12\"  >\n\t\t\t\t<div class=\"col-inner text-center dark\"  >\n\t\t\t\n\t\t\t\n\n\t<div id=\"gap-24354930\" class=\"gap-element clearfix\" style=\"display:block; height:auto;\">\n\t\t\n<style>\n#gap-24354930 {\n  padding-top: 30px;\n}\n@media (min-width:550px) {\n  #gap-24354930 {\n    padding-top: 31px;\n  }\n}\n<\/style>\n\t<\/div>\n\t\n\n<div class=\"row row-collapse\"  id=\"row-310392515\">\n\n\n\t<div id=\"col-82553151\" class=\"col medium-6 small-12 large-6\"  >\n\t\t\t\t<div class=\"col-inner\"  >\n\t\t\t\n\t\t\t\n\n\n  <div class=\"banner has-hover\" id=\"banner-1538248394\">\n          <div class=\"banner-inner fill\">\n        <div class=\"banner-bg fill\" >\n            <img loading=\"lazy\" decoding=\"async\" width=\"512\" height=\"384\" src=\"https:\/\/www.tienergy-usa.com\/wp-content\/uploads\/2023\/08\/unnamed-2-1.jpg\" class=\"bg attachment-large size-large\" alt=\"\" \/>                                    \n                    <\/div>\n\t\t\n        <div class=\"banner-layers container\">\n            <div class=\"fill banner-link\"><\/div>            \n\n   <div id=\"text-box-1396330547\" class=\"text-box banner-layer x100 md-x100 lg-x100 y10 md-y10 lg-y10 res-text\">\n                                <div class=\"text-box-content text dark\">\n              \n\t<div class=\"is-border\"\n\t\tstyle=\"border-color:rgb(255, 255, 255);border-width:3px 3px 3px 3px;\">\n\t<\/div>\n              <div class=\"text-inner text-center\">\n                  \n\n\t<div id=\"text-3549284063\" class=\"text\">\n\t\t\n\n<h3 class=\"uppercase\"><strong>Zanim<\/strong><\/h3>\n\t\t\n<style>\n#text-3549284063 {\n  font-size: 1.5rem;\n}\n<\/style>\n\t<\/div>\n\t\n\n              <\/div>\n           <\/div>\n                            \n<style>\n#text-box-1396330547 {\n  width: 60%;\n}\n#text-box-1396330547 .text-box-content {\n  font-size: 100%;\n}\n<\/style>\n    <\/div>\n \n\n        <\/div>\n      <\/div>\n\n            \n<style>\n#banner-1538248394 {\n  padding-top: 500px;\n}\n<\/style>\n  <\/div>\n\n\n\n\t\t<\/div>\n\t\t\t\t\t<\/div>\n\n\t\n\n\t<div id=\"col-424021904\" class=\"col medium-6 small-12 large-6\"  >\n\t\t\t\t<div class=\"col-inner\"  >\n\t\t\t\n\t\t\t\n\n\n  <div class=\"banner has-hover\" id=\"banner-1756696367\">\n          <div class=\"banner-inner fill\">\n        <div class=\"banner-bg fill\" >\n            <img loading=\"lazy\" decoding=\"async\" width=\"1020\" height=\"765\" src=\"https:\/\/www.tienergy-usa.com\/wp-content\/uploads\/2023\/08\/About-Us_After-1-1024x768.jpg\" class=\"bg attachment-large size-large\" alt=\"Nagradzane rozwi\u0105zania TiEnergy_Award w zakresie zr\u00f3wnowa\u017conego rozwoju kolei\" \/>                                    \n                    <\/div>\n\t\t\n        <div class=\"banner-layers container\">\n            <div class=\"fill banner-link\"><\/div>            \n\n   <div id=\"text-box-495781924\" class=\"text-box banner-layer x0 md-x0 lg-x0 y10 md-y10 lg-y10 res-text\">\n                                <div class=\"text-box-content text dark\">\n              \n\t<div class=\"is-border\"\n\t\tstyle=\"border-color:rgb(255, 255, 255);border-width:3px 3px 3px 3px;\">\n\t<\/div>\n              <div class=\"text-inner text-center\">\n                  \n\n\t<div id=\"text-4069927998\" class=\"text\">\n\t\t\n\n<h3 class=\"uppercase\"><strong>Po<\/strong><\/h3>\n\t\t\n<style>\n#text-4069927998 {\n  font-size: 1.5rem;\n  color: rgb(255,255,255);\n}\n#text-4069927998 > * {\n  color: rgb(255,255,255);\n}\n<\/style>\n\t<\/div>\n\t\n\n              <\/div>\n           <\/div>\n                            \n<style>\n#text-box-495781924 {\n  width: 60%;\n}\n#text-box-495781924 .text-box-content {\n  font-size: 100%;\n}\n<\/style>\n    <\/div>\n \n\n        <\/div>\n      <\/div>\n\n            \n<style>\n#banner-1756696367 {\n  padding-top: 500px;\n}\n<\/style>\n  <\/div>\n\n\n\n\t\t<\/div>\n\t\t\t\t\t<\/div>\n\n\t\n\n<\/div>\n\n\t\t<\/div>\n\t\t\t\t\t<\/div>\n\n\t\n\n<\/div>\n\n\t\t<\/div>\n\n\t\t\n<style>\n#section_272761344 {\n  padding-top: 68px;\n  padding-bottom: 68px;\n  background-color: #176d3c;\n}\n#section_272761344 .section-bg-overlay {\n  background-color: rgba(14, 82, 44, 0.901);\n}\n@media (min-width:550px) {\n  #section_272761344 {\n    padding-top: 40px;\n    padding-bottom: 40px;\n  }\n}\n<\/style>\n\t<\/section>\n\t\n\n\t<section class=\"section\" id=\"section_1463774577\">\n\t\t<div class=\"section-bg fill\" >\n\t\t\t\t\t\t\t\t\t\n\t\t\t\n\n\t\t<\/div>\n\n\t\t\n\n\t\t<div class=\"section-content relative\">\n\t\t\t\n\n<div class=\"row align-middle\"  id=\"row-1679497309\">\n\n\n\t<div id=\"col-1818648652\" class=\"col medium-6 small-12 large-6\"  >\n\t\t\t\t<div class=\"col-inner\"  >\n\t\t\t\n\t\t\t\n\n\t<div id=\"text-2446687153\" class=\"text\">\n\t\t\n\n<h2><strong>O\u015bwiadczenie o zr\u00f3wnowa\u017conym rozwoju<\/strong><\/h2>\n<p>TiEnergy nap\u0119dza rozw\u00f3j bran\u017cy kolejowej, oczyszczaj\u0105c jej przesz\u0142o\u015b\u0107. Dziedzictwo innowacji w USA pozostawi\u0142o po sobie \u015blad w postaci milion\u00f3w wycofanych z u\u017cytku podk\u0142ad\u00f3w kolejowych. TiEnergy by\u0142a pionierem innowacyjnych, przyjaznych dla \u015brodowiska i ekonomicznych rozwi\u0105za\u0144 ponownego wykorzystania podk\u0142ad\u00f3w kolejowych, s\u0142up\u00f3w energetycznych, palet i mat d\u017awigowych. Przetwarzaj\u0105c stare podk\u0142ady i drewno na sk\u0142adowiska odpad\u00f3w, TiEnergy wprowadza bran\u017c\u0119 kolejow\u0105 w zr\u00f3wnowa\u017con\u0105 przysz\u0142o\u015b\u0107.<\/p>\n\t\t\n<style>\n#text-2446687153 {\n  text-align: left;\n}\n<\/style>\n\t<\/div>\n\t\n\n\t\t<\/div>\n\t\t\t\t\t<\/div>\n\n\t\n\n\t<div id=\"col-494122388\" class=\"col medium-6 small-12 large-4 small-col-first\"  >\n\t\t\t\t<div class=\"col-inner\"  >\n\t\t\t\n\t\t\t\n\n\t<div class=\"img has-hover x md-x lg-x y md-y lg-y\" id=\"image_681132586\">\n\t\t\t\t\t\t\t\t<div class=\"img-inner dark\" >\n\t\t\t<img loading=\"lazy\" decoding=\"async\" width=\"1020\" height=\"824\" src=\"https:\/\/www.tienergy-usa.com\/wp-content\/uploads\/2023\/08\/shutterstock_94652485-1-1024x827.jpg\" class=\"attachment-large size-large\" alt=\"\" srcset=\"https:\/\/www.tienergy-usa.com\/wp-content\/uploads\/2023\/08\/shutterstock_94652485-1-1024x827.jpg 1024w, https:\/\/www.tienergy-usa.com\/wp-content\/uploads\/2023\/08\/shutterstock_94652485-1-500x404.jpg 500w, https:\/\/www.tienergy-usa.com\/wp-content\/uploads\/2023\/08\/shutterstock_94652485-1-768x620.jpg 768w, https:\/\/www.tienergy-usa.com\/wp-content\/uploads\/2023\/08\/shutterstock_94652485-1-1536x1240.jpg 1536w, https:\/\/www.tienergy-usa.com\/wp-content\/uploads\/2023\/08\/shutterstock_94652485-1-15x12.jpg 15w, https:\/\/www.tienergy-usa.com\/wp-content\/uploads\/2023\/08\/shutterstock_94652485-1.jpg 1920w\" sizes=\"auto, (max-width: 1020px) 100vw, 1020px\" \/>\t\t\t\t\t\t\n\t\t\t\t\t<\/div>\n\t\t\t\t\t\t\t\t\n<style>\n#image_681132586 {\n  width: 100%;\n}\n<\/style>\n\t<\/div>\n\t\n\n\n\t\t<\/div>\n\t\t\t\t\t<\/div>\n\n\t\n\n<\/div>\n<div class=\"row\"  id=\"row-308162279\">\n\n\n\t<div id=\"col-1685031918\" class=\"col small-12 large-12\"  >\n\t\t\t\t<div class=\"col-inner\"  >\n\t\t\t\n\t\t\t\n\n<p>Nasze zaanga\u017cowanie w zr\u00f3wnowa\u017cony rozw\u00f3j rozci\u0105ga si\u0119 od naszych pracownik\u00f3w i klient\u00f3w do naszych wsp\u00f3lnych spo\u0142eczno\u015bci w ca\u0142ym kraju. Jeste\u015bmy \u015bwiadomi przysz\u0142ych pokole\u0144, kt\u00f3re b\u0119d\u0105 korzysta\u0107 z grunt\u00f3w, z kt\u00f3rych korzystaj\u0105 nasze linie kolejowe. Ka\u017cdy krawat z recyklingu reprezentuje post\u0119p w kierunku czystszej przysz\u0142o\u015bci dla przysz\u0142ych pokole\u0144.\u200b<\/p>\n\n\t\t<\/div>\n\t\t\t\t\t<\/div>\n\n\t\n\n<\/div>\n\n\t\t<\/div>\n\n\t\t\n<style>\n#section_1463774577 {\n  padding-top: 60px;\n  padding-bottom: 60px;\n}\n<\/style>\n\t<\/section>","protected":false},"excerpt":{"rendered":"","protected":false},"author":2,"featured_media":0,"parent":0,"menu_order":0,"comment_status":"closed","ping_status":"closed","template":"page-blank.php","meta":{"footnotes":""},"class_list":["post-765","page","type-page","status-publish","hentry"],"yoast_head":"<!-- This site is optimized with the Yoast SEO plugin v27.4 - https:\/\/yoast.com\/product\/yoast-seo-wordpress\/ -->\n<title>About Us - TiEnergy I Railroad Sustainability I Tie Recycling<\/title>\n<meta name=\"description\" content=\"TiEnergy, innovative, sustainable solutions for railroads. How we\u2019re different: fleet transportation, access to the Belt Railway Co...\" \/>\n<meta name=\"robots\" content=\"index, follow, max-snippet:-1, max-image-preview:large, max-video-preview:-1\" \/>\n<link rel=\"canonical\" href=\"https:\/\/www.tienergy-usa.com\/pl\/o-nas\/\" \/>\n<meta property=\"og:locale\" content=\"pl_PL\" \/>\n<meta property=\"og:type\" content=\"article\" \/>\n<meta property=\"og:title\" content=\"About Us - TiEnergy I Railroad Sustainability I Tie Recycling\" \/>\n<meta property=\"og:description\" content=\"TiEnergy, innovative, sustainable solutions for railroads. How we\u2019re different: fleet transportation, access to the Belt Railway Co...\" \/>\n<meta property=\"og:url\" content=\"https:\/\/www.tienergy-usa.com\/pl\/o-nas\/\" \/>\n<meta property=\"og:site_name\" content=\"TiEnergy I Railroad Sustainability I Tie Recycling\" \/>\n<meta property=\"article:modified_time\" content=\"2026-03-25T19:37:38+00:00\" \/>\n<meta property=\"og:image\" content=\"https:\/\/www.homeadvisor.com\/images\/sp-badges\/boha-2021-solid-border.png?sp=76973960&amp;key=2178a0a6f1d893fc2c52cd6ceda20b33\" \/>\n<meta name=\"twitter:card\" content=\"summary_large_image\" \/>\n<meta name=\"twitter:label1\" content=\"Szacowany czas czytania\" \/>\n\t<meta name=\"twitter:data1\" content=\"4 minutes\" \/>\n<script type=\"application\/ld+json\" class=\"yoast-schema-graph\">{\"@context\":\"https:\\\/\\\/schema.org\",\"@graph\":[{\"@type\":\"WebPage\",\"@id\":\"https:\\\/\\\/www.tienergy-usa.com\\\/about-us\\\/\",\"url\":\"https:\\\/\\\/www.tienergy-usa.com\\\/about-us\\\/\",\"name\":\"About Us - TiEnergy I Railroad Sustainability I Tie Recycling\",\"isPartOf\":{\"@id\":\"https:\\\/\\\/www.tienergy-usa.com\\\/#website\"},\"primaryImageOfPage\":{\"@id\":\"https:\\\/\\\/www.tienergy-usa.com\\\/about-us\\\/#primaryimage\"},\"image\":{\"@id\":\"https:\\\/\\\/www.tienergy-usa.com\\\/about-us\\\/#primaryimage\"},\"thumbnailUrl\":\"https:\\\/\\\/www.homeadvisor.com\\\/images\\\/sp-badges\\\/boha-2021-solid-border.png?sp=76973960&amp;key=2178a0a6f1d893fc2c52cd6ceda20b33\",\"datePublished\":\"2023-08-04T11:26:49+00:00\",\"dateModified\":\"2026-03-25T19:37:38+00:00\",\"description\":\"TiEnergy, innovative, sustainable solutions for railroads. How we\u2019re different: fleet transportation, access to the Belt Railway Co...\",\"breadcrumb\":{\"@id\":\"https:\\\/\\\/www.tienergy-usa.com\\\/about-us\\\/#breadcrumb\"},\"inLanguage\":\"pl-PL\",\"potentialAction\":[{\"@type\":\"ReadAction\",\"target\":[\"https:\\\/\\\/www.tienergy-usa.com\\\/about-us\\\/\"]}]},{\"@type\":\"ImageObject\",\"inLanguage\":\"pl-PL\",\"@id\":\"https:\\\/\\\/www.tienergy-usa.com\\\/about-us\\\/#primaryimage\",\"url\":\"https:\\\/\\\/www.homeadvisor.com\\\/images\\\/sp-badges\\\/boha-2021-solid-border.png?sp=76973960&amp;key=2178a0a6f1d893fc2c52cd6ceda20b33\",\"contentUrl\":\"https:\\\/\\\/www.homeadvisor.com\\\/images\\\/sp-badges\\\/boha-2021-solid-border.png?sp=76973960&amp;key=2178a0a6f1d893fc2c52cd6ceda20b33\"},{\"@type\":\"BreadcrumbList\",\"@id\":\"https:\\\/\\\/www.tienergy-usa.com\\\/about-us\\\/#breadcrumb\",\"itemListElement\":[{\"@type\":\"ListItem\",\"position\":1,\"name\":\"Home\",\"item\":\"https:\\\/\\\/www.tienergy-usa.com\\\/\"},{\"@type\":\"ListItem\",\"position\":2,\"name\":\"About Us\"}]},{\"@type\":\"WebSite\",\"@id\":\"https:\\\/\\\/www.tienergy-usa.com\\\/#website\",\"url\":\"https:\\\/\\\/www.tienergy-usa.com\\\/\",\"name\":\"TiEnergy I Railroad Sustainability I Tie Recycling\",\"description\":\"Change the process, change the world one tie at a time.\",\"potentialAction\":[{\"@type\":\"SearchAction\",\"target\":{\"@type\":\"EntryPoint\",\"urlTemplate\":\"https:\\\/\\\/www.tienergy-usa.com\\\/?s={search_term_string}\"},\"query-input\":{\"@type\":\"PropertyValueSpecification\",\"valueRequired\":true,\"valueName\":\"search_term_string\"}}],\"inLanguage\":\"pl-PL\"}]}<\/script>\n<!-- \/ Yoast SEO plugin. -->","yoast_head_json":{"title":"O nas - TiEnergy I Kolej Zr\u00f3wnowa\u017cony rozw\u00f3j I Tie Recycling","description":"TiEnergy, innowacyjne, zr\u00f3wnowa\u017cone rozwi\u0105zania dla kolei. Czym si\u0119 r\u00f3\u017cnimy: transport floty, dost\u0119p do Belt Railway Co...","robots":{"index":"index","follow":"follow","max-snippet":"max-snippet:-1","max-image-preview":"max-image-preview:large","max-video-preview":"max-video-preview:-1"},"canonical":"https:\/\/www.tienergy-usa.com\/pl\/o-nas\/","og_locale":"pl_PL","og_type":"article","og_title":"About Us - TiEnergy I Railroad Sustainability I Tie Recycling","og_description":"TiEnergy, innovative, sustainable solutions for railroads. How we\u2019re different: fleet transportation, access to the Belt Railway Co...","og_url":"https:\/\/www.tienergy-usa.com\/pl\/o-nas\/","og_site_name":"TiEnergy I Railroad Sustainability I Tie Recycling","article_modified_time":"2026-03-25T19:37:38+00:00","og_image":[{"url":"https:\/\/www.homeadvisor.com\/images\/sp-badges\/boha-2021-solid-border.png?sp=76973960&amp;key=2178a0a6f1d893fc2c52cd6ceda20b33","type":"","width":"","height":""}],"twitter_card":"summary_large_image","twitter_misc":{"Szacowany czas czytania":"4 minutes"},"schema":{"@context":"https:\/\/schema.org","@graph":[{"@type":"WebPage","@id":"https:\/\/www.tienergy-usa.com\/about-us\/","url":"https:\/\/www.tienergy-usa.com\/about-us\/","name":"O nas - TiEnergy I Kolej Zr\u00f3wnowa\u017cony rozw\u00f3j I Tie Recycling","isPartOf":{"@id":"https:\/\/www.tienergy-usa.com\/#website"},"primaryImageOfPage":{"@id":"https:\/\/www.tienergy-usa.com\/about-us\/#primaryimage"},"image":{"@id":"https:\/\/www.tienergy-usa.com\/about-us\/#primaryimage"},"thumbnailUrl":"https:\/\/www.homeadvisor.com\/images\/sp-badges\/boha-2021-solid-border.png?sp=76973960&amp;key=2178a0a6f1d893fc2c52cd6ceda20b33","datePublished":"2023-08-04T11:26:49+00:00","dateModified":"2026-03-25T19:37:38+00:00","description":"TiEnergy, innowacyjne, zr\u00f3wnowa\u017cone rozwi\u0105zania dla kolei. Czym si\u0119 r\u00f3\u017cnimy: transport floty, dost\u0119p do Belt Railway Co...","breadcrumb":{"@id":"https:\/\/www.tienergy-usa.com\/about-us\/#breadcrumb"},"inLanguage":"pl-PL","potentialAction":[{"@type":"ReadAction","target":["https:\/\/www.tienergy-usa.com\/about-us\/"]}]},{"@type":"ImageObject","inLanguage":"pl-PL","@id":"https:\/\/www.tienergy-usa.com\/about-us\/#primaryimage","url":"https:\/\/www.homeadvisor.com\/images\/sp-badges\/boha-2021-solid-border.png?sp=76973960&amp;key=2178a0a6f1d893fc2c52cd6ceda20b33","contentUrl":"https:\/\/www.homeadvisor.com\/images\/sp-badges\/boha-2021-solid-border.png?sp=76973960&amp;key=2178a0a6f1d893fc2c52cd6ceda20b33"},{"@type":"BreadcrumbList","@id":"https:\/\/www.tienergy-usa.com\/about-us\/#breadcrumb","itemListElement":[{"@type":"ListItem","position":1,"name":"Home","item":"https:\/\/www.tienergy-usa.com\/"},{"@type":"ListItem","position":2,"name":"About Us"}]},{"@type":"WebSite","@id":"https:\/\/www.tienergy-usa.com\/#website","url":"https:\/\/www.tienergy-usa.com\/","name":"TiEnergy I Zr\u00f3wnowa\u017cony rozw\u00f3j kolei I Tie Recycling","description":"Zmie\u0144 proces, zmie\u0144 \u015bwiat po kolei.","potentialAction":[{"@type":"SearchAction","target":{"@type":"EntryPoint","urlTemplate":"https:\/\/www.tienergy-usa.com\/?s={search_term_string}"},"query-input":{"@type":"PropertyValueSpecification","valueRequired":true,"valueName":"search_term_string"}}],"inLanguage":"pl-PL"}]}},"_links":{"self":[{"href":"https:\/\/www.tienergy-usa.com\/pl\/wp-json\/wp\/v2\/pages\/765","targetHints":{"allow":["GET"]}}],"collection":[{"href":"https:\/\/www.tienergy-usa.com\/pl\/wp-json\/wp\/v2\/pages"}],"about":[{"href":"https:\/\/www.tienergy-usa.com\/pl\/wp-json\/wp\/v2\/types\/page"}],"author":[{"embeddable":true,"href":"https:\/\/www.tienergy-usa.com\/pl\/wp-json\/wp\/v2\/users\/2"}],"replies":[{"embeddable":true,"href":"https:\/\/www.tienergy-usa.com\/pl\/wp-json\/wp\/v2\/comments?post=765"}],"version-history":[{"count":6,"href":"https:\/\/www.tienergy-usa.com\/pl\/wp-json\/wp\/v2\/pages\/765\/revisions"}],"predecessor-version":[{"id":1308,"href":"https:\/\/www.tienergy-usa.com\/pl\/wp-json\/wp\/v2\/pages\/765\/revisions\/1308"}],"wp:attachment":[{"href":"https:\/\/www.tienergy-usa.com\/pl\/wp-json\/wp\/v2\/media?parent=765"}],"curies":[{"name":"wp","href":"https:\/\/api.w.org\/{rel}","templated":true}]}}