{"id":648,"date":"2023-07-03T23:20:40","date_gmt":"2023-07-03T23:20:40","guid":{"rendered":"http:\/\/tienergy.mmmrecycles.com\/?page_id=648"},"modified":"2024-01-12T16:53:38","modified_gmt":"2024-01-12T16:53:38","slug":"contact-us","status":"publish","type":"page","link":"https:\/\/www.tienergy-usa.com\/pl\/skontaktuj-sie-z-nami\/","title":{"rendered":"Skontaktuj si\u0119 z nami"},"content":{"rendered":"<section class=\"section dark\" id=\"section_2032300852\">\n\t\t<div class=\"section-bg fill\" >\n\t\t\t<img loading=\"lazy\" decoding=\"async\" width=\"1024\" height=\"429\" src=\"https:\/\/www.tienergy-usa.com\/wp-content\/uploads\/2023\/07\/TiEnergy_Rail-Tie-and-Wood-Waste-Recycling-and-Repurposing-Experts_Sustainability-in-Railroad-Industry-1.jpg\" class=\"bg attachment-original size-original\" alt=\"\" \/>\t\t\t\t\t\t<div class=\"section-bg-overlay absolute fill\"><\/div>\n\t\t\t\n\n\t\t<\/div>\n\n\t\t\n\n\t\t<div class=\"section-content relative\">\n\t\t\t\n\n\t<div id=\"gap-1684685161\" class=\"gap-element clearfix\" style=\"display:block; height:auto;\">\n\t\t\n<style>\n#gap-1684685161 {\n  padding-top: 31px;\n}\n<\/style>\n\t<\/div>\n\t\n\n<div class=\"row\"  id=\"row-610112204\">\n\n\n\t<div id=\"col-1240853458\" class=\"col medium-10 small-12 large-6\"  >\n\t\t\t\t<div class=\"col-inner text-shadow-5\"  >\n\t\t\t\n\t\t\t\n\n\t<div id=\"text-1918638049\" class=\"text\">\n\t\t\n\n<h1 class=\"display-2 no-margin\">Po\u0142\u0105czmy si\u0119<\/h1>\n<p class=\"lead\">Nawi\u0105\u017c wsp\u00f3\u0142prac\u0119 z TiEnergy w celu recyklingu podk\u0142ad\u00f3w kolejowych i<br \/>\nOsi\u0105gnij swoje cele w zakresie zr\u00f3wnowa\u017conego rozwoju<\/p>\n\t\t\n<style>\n#text-1918638049 {\n  font-size: 1.25rem;\n  text-align: left;\n}\n@media (min-width:550px) {\n  #text-1918638049 {\n    font-size: 1rem;\n  }\n}\n<\/style>\n\t<\/div>\n\t\n\n\t\t<\/div>\n\t\t\t\t\t<\/div>\n\n\t\n\n<\/div>\n\n\t\t<\/div>\n\n\t\t\n<style>\n#section_2032300852 {\n  padding-top: 123px;\n  padding-bottom: 123px;\n  background-color: rgb(40, 40, 40);\n}\n#section_2032300852 .section-bg-overlay {\n  background-color: rgba(0, 0, 0, 0.488);\n}\n#section_2032300852 .section-bg img {\n  object-position: 100% 100%;\n}\n@media (min-width:850px) {\n  #section_2032300852 .section-bg-overlay {\n    background-color: rgba(0, 0, 0, 0.523);\n  }\n}\n<\/style>\n\t<\/section>\n\t\n\n\t<section class=\"section\" id=\"section_36453595\">\n\t\t<div class=\"section-bg fill\" >\n\t\t\t\t\t\t\t\t\t\n\t\t\t\n\n\t\t<\/div>\n\n\t\t\n\n\t\t<div class=\"section-content relative\">\n\t\t\t\n\n<span class=\"scroll-to\" data-label=\"Scroll to: #purchase\" data-bullet=\"false\" data-link=\"#purchase\" data-title=\"purchase\" ><a name=\"purchase\"><\/a><\/span>\n\n\t<div id=\"gap-1673846400\" class=\"gap-element clearfix\" style=\"display:block; height:auto;\">\n\t\t\n<style>\n#gap-1673846400 {\n  padding-top: 31px;\n}\n<\/style>\n\t<\/div>\n\t\n\n<div class=\"row align-center\"  id=\"row-363807893\">\n\n\n\t<div id=\"col-540844413\" class=\"col medium-11 small-12 large-7\"  >\n\t\t\t\t<div class=\"col-inner box-shadow-5\" style=\"background-color:rgb(255,255,255);\" >\n\t\t\t\n\t\t\t\n\n<h4>Usu\u0144 i ponownie wykorzystaj podk\u0142ady kolejowe\u00a0<\/h4>\n<p>Udoskonalaj\u0105c proces recyklingu starych podk\u0142ad\u00f3w kolejowych z wykorzystaniem naszej opatentowanej technologii usuwania podk\u0142adek i szlifowania ca\u0142ych podk\u0142ad\u00f3w,\u00a0<a href=\"http:\/\/tienergy.mmmrecycles.com\/\">TiEnergy<\/a>\u00a0jest op\u0142acaln\u0105 alternatyw\u0105 dla tradycyjnych metod utylizacji.<\/p>\n<p>Podejmij dzia\u0142ania i wyeliminuj potencja\u0142\u00a0<a href=\"http:\/\/tienergy.mmmrecycles.com\/in-the-news\/railroads-good-news-on-the-good-neighbor-plan\/\">\u015brodowiskowy<\/a>\u00a0i\/lub bezpiecze\u0144stwa, planuj\u0105c sw\u00f3j projekt recyklingu podk\u0142ad\u00f3w kolejowych ju\u017c dzi\u015b!<\/p>\n<p>TiEnergy mo\u017ce przyjmowa\u0107 po\u0142\u0105czenia kolejowe z dowolnego miejsca w kraju, wysy\u0142aj\u0105c je do The Belt Railway Company w Chicago. Firma mo\u017ce tak\u017ce zmobilizowa\u0107 si\u0142y w dowolnym miejscu na \u015arodkowym Zachodzie i nawi\u0105za\u0107 po\u0142\u0105czenia kolejowe na miejscu oraz przeprowadzi\u0107 transport poza terenem zak\u0142adu.<\/p>\n<p>Zadzwo\u0144 do TiEnergy pod numer tel <a href=\"tel: 18474266354\">(847) 426-6354<\/a>, wype\u0142nij poni\u017cszy formularz lub <a href=\"https:\/\/cal.services\/Gregk\/Details-Meeting\/lVn7_cwK8\" target=\"_blank\" rel=\"noopener\">zarezerwuj spotkanie<\/a> z Gregiem.<\/p>\n\n\n<script type=\"text\/javascript\">\n\n \n\n    var ss_form = {'account': 'MzY0NDMyMjM1AwA', 'formID': 'MzQyN0xNM03UNTc1SdU1MTdI1bUwNknTTTY0TjNKsjRKtUxLBAA'};\n\n \n\n    ss_form.width = '100%';\n\n \n\n    ss_form.domain = 'app-3S0Z9T451W.marketingautomation.services';\n\n \n\n    \/\/ ss_form.hidden = {'field_id': 'value'}; \/\/ Modify this for sending hidden variables, or overriding values\n\n \n\n    \/\/ ss_form.target_id = 'target'; \/\/ Optional parameter: forms will be placed inside the element with the specified id\n\n \n\n    \/\/ ss_form.polling = true; \/\/ Optional parameter: set to true ONLY if your page loads dynamically and the id needs to be polled continually.\n\n \n\nss_form.hidden = {'_usePlaceholders': true};\n\n\n<\/script>\n\n \n\n<script type=\"text\/javascript\" src=\"https:\/\/koi-3S0Z9T451W.marketingautomation.services\/client\/form.js?ver=2.0.1\"><\/script>\n\n\n\t\t<\/div>\n\t\t\t\t\n<style>\n#col-540844413 > .col-inner {\n  padding: 0px 50px 50px 50px;\n}\n<\/style>\n\t<\/div>\n\n\t\n\n\t<div id=\"col-385420592\" class=\"col medium-11 small-12 large-5\"  >\n\t\t\t\t<div class=\"col-inner\"  >\n\t\t\t\n\t\t\t\n\n<h3>Biuro sp\u00f3\u0142ki<\/h3>\n<p>270 N State St.<br \/>Hampshire, IL 60140<\/p>\n<div class=\"google-maps\"><iframe src=\"https:\/\/www.google.com\/maps\/embed?pb=!1m18!1m12!1m3!1d2960.30903286809!2d-88.53264148405393!3d42.10085187920495!2m3!1f0!2f0!3f0!3m2!1i1024!2i768!4f13.1!3m3!1m2!1s0x880f3cf1a84434b5%3A0x22be7aeb3e6518c9!2s270%20N%20State%20St%2C%20Hampshire%2C%20IL%2060140!5e0!3m2!1sen!2sus!4v1639767410855!5m2!1sen!2sus\" width=\"600\" height=\"450\" style=\"border:0;\" allowfullscreen=\"\" loading=\"lazy\"><\/iframe><\/div>\n\n\t\t<\/div>\n\t\t\t\t\t<\/div>\n\n\t\n\n<\/div>\n\n\t\t<\/div>\n\n\t\t\n<style>\n#section_36453595 {\n  padding-top: 60px;\n  padding-bottom: 60px;\n  background-color: rgba(189, 188, 182, 0.203);\n}\n<\/style>\n\t<\/section>\n\t\n\n\t<section class=\"section\" id=\"section_1045695708\">\n\t\t<div class=\"section-bg fill\" >\n\t\t\t\t\t\t\t\t\t\n\t\t\t\n\n\t\t<\/div>\n\n\t\t\n\n\t\t<div class=\"section-content relative\">\n\t\t\t\n\n\t<div id=\"gap-1626190748\" class=\"gap-element clearfix\" style=\"display:block; height:auto;\">\n\t\t\n<style>\n#gap-1626190748 {\n  padding-top: 31px;\n}\n<\/style>\n\t<\/div>\n\t\n\n<div class=\"container section-title-container\" ><h2 class=\"section-title section-title-bold\"><b><\/b><span class=\"section-title-main\" >\u0141\u0105czno\u015b\u0107<\/span><b><\/b><\/h2><\/div>\n\n<div class=\"row\"  id=\"row-938663205\">\n\n\n\t<div id=\"col-648788892\" class=\"col medium-4 small-12 large-4\"  >\n\t\t\t\t<div class=\"col-inner\"  >\n\t\t\t\n\t\t\t\n\n<div class=\"fusion-text\">\n<p><strong>Telefon: <a href=\"tel:+18474266354\">(847) 426-6354<\/a><\/strong><br \/><strong>Wagonik: <a href=\"tel:+18476459516\">(847) 645-9516<\/a><\/strong><br \/><strong>Faks: (847) 426-0146<\/strong><\/p>\n<\/div>\n<p><strong>Godziny operacji:<\/strong><br \/><strong>MF<\/strong> 7:00 \u2013 16:00<br \/><strong>soboty<\/strong> \u2013 7:00 \u2013 12:00<br \/><strong>Niedziele zamkni\u0119te<\/strong><br \/><small>GODZINY R\u00d3\u017bNI\u0104 SI\u0118 W ZALE\u017bNO\u015aCI OD SEZONU, PROSZ\u0118 DZWONI\u0106<\/small><br \/><small>Obowi\u0105zuje od 1 stycznia 2024 r<\/small><\/p>\n\n\t\t<\/div>\n\t\t\t\t\t<\/div>\n\n\t\n\n\t<div id=\"col-2036559522\" class=\"col medium-4 small-12 large-4\"  >\n\t\t\t\t<div class=\"col-inner\"  >\n\t\t\t\n\t\t\t\n\n\t<div id=\"text-1945920592\" class=\"text\">\n\t\t\n\n<p><strong>Firmy ze \u015arodkowego Zachodu<br \/><\/strong>Transport \/ Wysy\u0142ka \/ Sprzeda\u017c flotowa \/ Ceny: Greg Kutschke<\/p>\n<p><strong>Zarz\u0105dzanie materia\u0142ami na \u015arodkowym Zachodzie<br \/><\/strong>Transport \/ ceny: Greg Kutschke<\/p>\n<p><strong>Recykling C &amp; D<\/strong><br \/>Steve&#039;a Berglunda<\/p>\n\t\t\n<style>\n#text-1945920592 {\n  font-size: 0.9rem;\n}\n<\/style>\n\t<\/div>\n\t\n\n\t\t<\/div>\n\t\t\t\t\t<\/div>\n\n\t\n\n\t<div id=\"col-452167686\" class=\"col medium-4 small-12 large-4\"  >\n\t\t\t\t<div class=\"col-inner\"  >\n\t\t\t\n\t\t\t\n\n\t<div id=\"text-143029655\" class=\"text\">\n\t\t\n\n<p><strong>TiEnergy<\/strong><br>Grega Kutschkego<\/p>\n<p><strong>TIEROC<\/strong><br>Grega Kutschkego<\/p>\n\t\t\n<style>\n#text-143029655 {\n  font-size: 0.9rem;\n}\n<\/style>\n\t<\/div>\n\t\n\n\t\t<\/div>\n\t\t\t\t\t<\/div>\n\n\t\n\n<\/div>\n\n\t\t<\/div>\n\n\t\t\n<style>\n#section_1045695708 {\n  padding-top: 58px;\n  padding-bottom: 58px;\n  background-color: rgb(245, 245, 245);\n}\n@media (min-width:550px) {\n  #section_1045695708 {\n    padding-top: 82px;\n    padding-bottom: 82px;\n  }\n}\n<\/style>\n\t<\/section>","protected":false},"excerpt":{"rendered":"","protected":false},"author":2,"featured_media":0,"parent":0,"menu_order":0,"comment_status":"closed","ping_status":"closed","template":"page-blank.php","meta":{"footnotes":""},"class_list":["post-648","page","type-page","status-publish","hentry"],"yoast_head":"<!-- This site is optimized with the Yoast SEO plugin v27.4 - https:\/\/yoast.com\/product\/yoast-seo-wordpress\/ -->\n<title>Contact Us - TiEnergy I Railroad Sustainability I Tie Recycling<\/title>\n<meta name=\"description\" content=\"Contact us to learn about railroad tie removal. Call TiEnergy at (847) 426-6354 or fill out the form http:\/\/tienergy.mmmrecycles.com\/contact-us\/\" \/>\n<meta name=\"robots\" content=\"index, follow, max-snippet:-1, max-image-preview:large, max-video-preview:-1\" \/>\n<link rel=\"canonical\" href=\"https:\/\/www.tienergy-usa.com\/pl\/skontaktuj-sie-z-nami\/\" \/>\n<meta property=\"og:locale\" content=\"pl_PL\" \/>\n<meta property=\"og:type\" content=\"article\" \/>\n<meta property=\"og:title\" content=\"Contact Us - TiEnergy I Railroad Sustainability I Tie Recycling\" \/>\n<meta property=\"og:description\" content=\"Contact us to learn about railroad tie removal. Call TiEnergy at (847) 426-6354 or fill out the form http:\/\/tienergy.mmmrecycles.com\/contact-us\/\" \/>\n<meta property=\"og:url\" content=\"https:\/\/www.tienergy-usa.com\/pl\/skontaktuj-sie-z-nami\/\" \/>\n<meta property=\"og:site_name\" content=\"TiEnergy I Railroad Sustainability I Tie Recycling\" \/>\n<meta property=\"article:modified_time\" content=\"2024-01-12T16:53:38+00:00\" \/>\n<meta name=\"twitter:card\" content=\"summary_large_image\" \/>\n<meta name=\"twitter:label1\" content=\"Szacowany czas czytania\" \/>\n\t<meta name=\"twitter:data1\" content=\"2 minutes\" \/>\n<script type=\"application\/ld+json\" class=\"yoast-schema-graph\">{\"@context\":\"https:\\\/\\\/schema.org\",\"@graph\":[{\"@type\":\"WebPage\",\"@id\":\"https:\\\/\\\/www.tienergy-usa.com\\\/contact-us\\\/\",\"url\":\"https:\\\/\\\/www.tienergy-usa.com\\\/contact-us\\\/\",\"name\":\"Contact Us - TiEnergy I Railroad Sustainability I Tie Recycling\",\"isPartOf\":{\"@id\":\"https:\\\/\\\/www.tienergy-usa.com\\\/#website\"},\"datePublished\":\"2023-07-03T23:20:40+00:00\",\"dateModified\":\"2024-01-12T16:53:38+00:00\",\"description\":\"Contact us to learn about railroad tie removal. Call TiEnergy at (847) 426-6354 or fill out the form http:\\\/\\\/tienergy.mmmrecycles.com\\\/contact-us\\\/\",\"breadcrumb\":{\"@id\":\"https:\\\/\\\/www.tienergy-usa.com\\\/contact-us\\\/#breadcrumb\"},\"inLanguage\":\"pl-PL\",\"potentialAction\":[{\"@type\":\"ReadAction\",\"target\":[\"https:\\\/\\\/www.tienergy-usa.com\\\/contact-us\\\/\"]}]},{\"@type\":\"BreadcrumbList\",\"@id\":\"https:\\\/\\\/www.tienergy-usa.com\\\/contact-us\\\/#breadcrumb\",\"itemListElement\":[{\"@type\":\"ListItem\",\"position\":1,\"name\":\"Home\",\"item\":\"https:\\\/\\\/www.tienergy-usa.com\\\/\"},{\"@type\":\"ListItem\",\"position\":2,\"name\":\"Contact Us\"}]},{\"@type\":\"WebSite\",\"@id\":\"https:\\\/\\\/www.tienergy-usa.com\\\/#website\",\"url\":\"https:\\\/\\\/www.tienergy-usa.com\\\/\",\"name\":\"TiEnergy I Railroad Sustainability I Tie Recycling\",\"description\":\"Change the process, change the world one tie at a time.\",\"potentialAction\":[{\"@type\":\"SearchAction\",\"target\":{\"@type\":\"EntryPoint\",\"urlTemplate\":\"https:\\\/\\\/www.tienergy-usa.com\\\/?s={search_term_string}\"},\"query-input\":{\"@type\":\"PropertyValueSpecification\",\"valueRequired\":true,\"valueName\":\"search_term_string\"}}],\"inLanguage\":\"pl-PL\"}]}<\/script>\n<!-- \/ Yoast SEO plugin. -->","yoast_head_json":{"title":"Skontaktuj si\u0119 z nami - TiEnergy I Zr\u00f3wnowa\u017cony rozw\u00f3j kolei I Tie Recycling","description":"Skontaktuj si\u0119 z nami, aby dowiedzie\u0107 si\u0119, jak usun\u0105\u0107 podk\u0142ady kolejowe. Zadzwo\u0144 do TiEnergy pod numer (847) 426-6354 lub wype\u0142nij formularz http:\/\/tienergy.mmmrecycles.com\/contact-us\/","robots":{"index":"index","follow":"follow","max-snippet":"max-snippet:-1","max-image-preview":"max-image-preview:large","max-video-preview":"max-video-preview:-1"},"canonical":"https:\/\/www.tienergy-usa.com\/pl\/skontaktuj-sie-z-nami\/","og_locale":"pl_PL","og_type":"article","og_title":"Contact Us - TiEnergy I Railroad Sustainability I Tie Recycling","og_description":"Contact us to learn about railroad tie removal. Call TiEnergy at (847) 426-6354 or fill out the form http:\/\/tienergy.mmmrecycles.com\/contact-us\/","og_url":"https:\/\/www.tienergy-usa.com\/pl\/skontaktuj-sie-z-nami\/","og_site_name":"TiEnergy I Railroad Sustainability I Tie Recycling","article_modified_time":"2024-01-12T16:53:38+00:00","twitter_card":"summary_large_image","twitter_misc":{"Szacowany czas czytania":"2 minutes"},"schema":{"@context":"https:\/\/schema.org","@graph":[{"@type":"WebPage","@id":"https:\/\/www.tienergy-usa.com\/contact-us\/","url":"https:\/\/www.tienergy-usa.com\/contact-us\/","name":"Skontaktuj si\u0119 z nami - TiEnergy I Zr\u00f3wnowa\u017cony rozw\u00f3j kolei I Tie Recycling","isPartOf":{"@id":"https:\/\/www.tienergy-usa.com\/#website"},"datePublished":"2023-07-03T23:20:40+00:00","dateModified":"2024-01-12T16:53:38+00:00","description":"Skontaktuj si\u0119 z nami, aby dowiedzie\u0107 si\u0119, jak usun\u0105\u0107 podk\u0142ady kolejowe. Zadzwo\u0144 do TiEnergy pod numer (847) 426-6354 lub wype\u0142nij formularz http:\/\/tienergy.mmmrecycles.com\/contact-us\/","breadcrumb":{"@id":"https:\/\/www.tienergy-usa.com\/contact-us\/#breadcrumb"},"inLanguage":"pl-PL","potentialAction":[{"@type":"ReadAction","target":["https:\/\/www.tienergy-usa.com\/contact-us\/"]}]},{"@type":"BreadcrumbList","@id":"https:\/\/www.tienergy-usa.com\/contact-us\/#breadcrumb","itemListElement":[{"@type":"ListItem","position":1,"name":"Home","item":"https:\/\/www.tienergy-usa.com\/"},{"@type":"ListItem","position":2,"name":"Contact Us"}]},{"@type":"WebSite","@id":"https:\/\/www.tienergy-usa.com\/#website","url":"https:\/\/www.tienergy-usa.com\/","name":"TiEnergy I Zr\u00f3wnowa\u017cony rozw\u00f3j kolei I Tie Recycling","description":"Zmie\u0144 proces, zmie\u0144 \u015bwiat po kolei.","potentialAction":[{"@type":"SearchAction","target":{"@type":"EntryPoint","urlTemplate":"https:\/\/www.tienergy-usa.com\/?s={search_term_string}"},"query-input":{"@type":"PropertyValueSpecification","valueRequired":true,"valueName":"search_term_string"}}],"inLanguage":"pl-PL"}]}},"_links":{"self":[{"href":"https:\/\/www.tienergy-usa.com\/pl\/wp-json\/wp\/v2\/pages\/648","targetHints":{"allow":["GET"]}}],"collection":[{"href":"https:\/\/www.tienergy-usa.com\/pl\/wp-json\/wp\/v2\/pages"}],"about":[{"href":"https:\/\/www.tienergy-usa.com\/pl\/wp-json\/wp\/v2\/types\/page"}],"author":[{"embeddable":true,"href":"https:\/\/www.tienergy-usa.com\/pl\/wp-json\/wp\/v2\/users\/2"}],"replies":[{"embeddable":true,"href":"https:\/\/www.tienergy-usa.com\/pl\/wp-json\/wp\/v2\/comments?post=648"}],"version-history":[{"count":5,"href":"https:\/\/www.tienergy-usa.com\/pl\/wp-json\/wp\/v2\/pages\/648\/revisions"}],"predecessor-version":[{"id":1175,"href":"https:\/\/www.tienergy-usa.com\/pl\/wp-json\/wp\/v2\/pages\/648\/revisions\/1175"}],"wp:attachment":[{"href":"https:\/\/www.tienergy-usa.com\/pl\/wp-json\/wp\/v2\/media?parent=648"}],"curies":[{"name":"wp","href":"https:\/\/api.w.org\/{rel}","templated":true}]}}