{"id":524,"date":"2023-01-17T18:23:03","date_gmt":"2023-01-17T18:23:03","guid":{"rendered":"http:\/\/tienergy.mmmrecycles.com\/?page_id=524"},"modified":"2023-09-01T16:45:41","modified_gmt":"2023-09-01T16:45:41","slug":"faq","status":"publish","type":"page","link":"https:\/\/www.tienergy-usa.com\/pl\/czesto-zadawane-pytania\/","title":{"rendered":"Cz\u0119sto zadawane pytania"},"content":{"rendered":"<section class=\"section dark\" id=\"section_1195719496\">\n\t\t<div class=\"section-bg fill\" >\n\t\t\t<img loading=\"lazy\" decoding=\"async\" width=\"1920\" height=\"1280\" src=\"https:\/\/www.tienergy-usa.com\/wp-content\/uploads\/2021\/06\/truck-fleet.jpg\" class=\"bg attachment- size-\" alt=\"\" \/>\t\t\t\t\t\t<div class=\"section-bg-overlay absolute fill\"><\/div>\n\t\t\t\n\n\t\t<\/div>\n\n\t\t\n\n\t\t<div class=\"section-content relative\">\n\t\t\t\n\n<div class=\"row\"  id=\"row-1835013744\">\n\n\n\t<div id=\"col-508001373\" class=\"col small-12 large-12\"  >\n\t\t\t\t<div class=\"col-inner text-center\"  >\n\t\t\t\n\t\t\t\n\n\t<div id=\"gap-1773841736\" class=\"gap-element clearfix\" style=\"display:block; height:auto;\">\n\t\t\n<style>\n#gap-1773841736 {\n  padding-top: 31px;\n}\n<\/style>\n\t<\/div>\n\t\n\n\t<div id=\"text-1590744395\" class=\"text\">\n\t\t\n\n<h1 class=\"mb-half\">Cz\u0119sto zadawane pytania<\/h1>\n\t\t\n<style>\n#text-1590744395 {\n  font-size: 2rem;\n}\n<\/style>\n\t<\/div>\n\t\n\n\t\t<\/div>\n\t\t\t\t\t<\/div>\n\n\t\n\n<\/div>\n\n\t\t<\/div>\n\n\t\t\n<style>\n#section_1195719496 {\n  padding-top: 30px;\n  padding-bottom: 30px;\n  min-height: 40vh;\n}\n#section_1195719496 .section-bg-overlay {\n  background-color: rgba(0,0,0,.5);\n}\n#section_1195719496 .section-bg img {\n  object-position: 15% 60%;\n}\n<\/style>\n\t<\/section>\n\t\n\t<div id=\"gap-260129308\" class=\"gap-element clearfix\" style=\"display:block; height:auto;\">\n\t\t\n<style>\n#gap-260129308 {\n  padding-top: 39px;\n}\n<\/style>\n\t<\/div>\n\t\n\n\n\t<section class=\"section\" id=\"section_892251076\">\n\t\t<div class=\"section-bg fill\" >\n\t\t\t\t\t\t\t\t\t\n\t\t\t\n\n\t\t<\/div>\n\n\t\t\n\n\t\t<div class=\"section-content relative\">\n\t\t\t\n\n<div class=\"row align-center\"  id=\"row-1970987879\">\n\n\n\t<div id=\"col-957810281\" class=\"col medium-10 small-12 large-9\"  >\n\t\t\t\t<div class=\"col-inner\"  >\n\t\t\t\n\t\t\t\n\n<div class=\"accordion\">\n\n\t<div id=\"accordion-669451046\" class=\"accordion-item\">\n\t\t<a id=\"accordion-669451046-label\" class=\"accordion-title plain\" href=\"#accordion-item-how-many-railroad-ties-can-tienergy-grind-in-one-day?\" aria-expanded=\"false\" aria-controls=\"accordion-669451046-content\" >\n\t\t\t<button class=\"toggle\" aria-label=\"Prze\u0142\u0105cznik\"><i class=\"icon-angle-down\"><\/i><\/button>\n\t\t\t<span>Ile podk\u0142ad\u00f3w kolejowych mo\u017ce zetrze\u0107 TiEnergy w ci\u0105gu jednego dnia?<\/span>\n\t\t<\/a>\n\t\t<div id=\"accordion-669451046-content\" class=\"accordion-inner\" aria-labelledby=\"accordion-669451046-label\" >\n\t\t\t\n\n<p>Mo\u017cemy szlifowa\u0107 oko\u0142o 5000 podk\u0142ad\u00f3w kolejowych dziennie i oko\u0142o 1 miliona rocznie.<\/p>\n\n\t\t<\/div>\n\t<\/div>\n\t\n\t<div id=\"accordion-3104127870\" class=\"accordion-item\">\n\t\t<a id=\"accordion-3104127870-label\" class=\"accordion-title plain\" href=\"#accordion-item-where-can-tienergy-mobilize-the-equipment-necessary-to-get-the-job-done?\" aria-expanded=\"false\" aria-controls=\"accordion-3104127870-content\" >\n\t\t\t<button class=\"toggle\" aria-label=\"Prze\u0142\u0105cznik\"><i class=\"icon-angle-down\"><\/i><\/button>\n\t\t\t<span>Gdzie TiEnergy mo\u017ce zmobilizowa\u0107 sprz\u0119t niezb\u0119dny do wykonania zadania?<\/span>\n\t\t<\/a>\n\t\t<div id=\"accordion-3104127870-content\" class=\"accordion-inner\" aria-labelledby=\"accordion-3104127870-label\" >\n\t\t\t\n\n<p>Obecnie mamy mo\u017cliwo\u015b\u0107 mobilizacji w dowolnym miejscu na \u015arodkowym Zachodzie.<\/p>\n\n\t\t<\/div>\n\t<\/div>\n\t\n\t<div id=\"accordion-3515297078\" class=\"accordion-item\">\n\t\t<a id=\"accordion-3515297078-label\" class=\"accordion-title plain\" href=\"#accordion-item-can-tienergy-remove-tie-plates?\" aria-expanded=\"false\" aria-controls=\"accordion-3515297078-content\" >\n\t\t\t<button class=\"toggle\" aria-label=\"Prze\u0142\u0105cznik\"><i class=\"icon-angle-down\"><\/i><\/button>\n\t\t\t<span>Czy TiEnergy mo\u017ce usun\u0105\u0107 p\u0142ytki \u0142\u0105cz\u0105ce?<\/span>\n\t\t<\/a>\n\t\t<div id=\"accordion-3515297078-content\" class=\"accordion-inner\" aria-labelledby=\"accordion-3515297078-label\" >\n\t\t\t\n\n<p>Tak, mo\u017cemy, dzi\u0119ki opatentowanej technologii naszego chwytaka p\u0142ytek mocuj\u0105cych.<\/p>\n\n\t\t<\/div>\n\t<\/div>\n\t\n\t<div id=\"accordion-1554156977\" class=\"accordion-item\">\n\t\t<a id=\"accordion-1554156977-label\" class=\"accordion-title plain\" href=\"#accordion-item-what-type-of-equipment-is-used?\" aria-expanded=\"false\" aria-controls=\"accordion-1554156977-content\" >\n\t\t\t<button class=\"toggle\" aria-label=\"Prze\u0142\u0105cznik\"><i class=\"icon-angle-down\"><\/i><\/button>\n\t\t\t<span>Jaki rodzaj sprz\u0119tu jest u\u017cywany?<\/span>\n\t\t<\/a>\n\t\t<div id=\"accordion-1554156977-content\" class=\"accordion-inner\" aria-labelledby=\"accordion-1554156977-label\" >\n\t\t\t\n\n<ol>\n<li style=\"font-weight: 400;\" aria-level=\"2\"><span style=\"font-weight: 400;\">CBI 8400<\/span><\/li>\n<li style=\"font-weight: 400;\" aria-level=\"2\"><span style=\"font-weight: 400;\">VOLVO 120<\/span><\/li>\n<li style=\"font-weight: 400;\" aria-level=\"2\"><span style=\"font-weight: 400;\">SERKO 300<\/span><\/li>\n<li style=\"font-weight: 400;\" aria-level=\"2\"><span style=\"font-weight: 400;\">KUBOTA 95-2<\/span><\/li>\n<li style=\"font-weight: 400;\" aria-level=\"2\"><span style=\"font-weight: 400;\">PRZYCZEPY Z CHODZ\u0104C\u0104 POD\u0141OG\u0104 TITAN<\/span><\/li>\n<li style=\"font-weight: 400;\" aria-level=\"2\"><span style=\"font-weight: 400;\">PETERBILTA 378<\/span><\/li>\n<li style=\"font-weight: 400;\" aria-level=\"2\"><span style=\"font-weight: 400;\">KENWORTH T880<\/span><\/li>\n<li style=\"font-weight: 400;\" aria-level=\"2\"><span style=\"font-weight: 400;\">PRZYCZEPY PALIWOWE THUNDERCREEK<\/span><\/li>\n<li style=\"font-weight: 400;\" aria-level=\"2\"><span style=\"font-weight: 400;\">ZBIORNIK P\u0141YT WI\u0104ZAJ\u0104CYCH<\/span><\/li>\n<\/ol>\n\n\t\t<\/div>\n\t<\/div>\n\t\n\t<div id=\"accordion-1979644126\" class=\"accordion-item\">\n\t\t<a id=\"accordion-1979644126-label\" class=\"accordion-title plain\" href=\"#accordion-item-what-problems-can-tienergy-find-the-solutions-for?\" aria-expanded=\"false\" aria-controls=\"accordion-1979644126-content\" >\n\t\t\t<button class=\"toggle\" aria-label=\"Prze\u0142\u0105cznik\"><i class=\"icon-angle-down\"><\/i><\/button>\n\t\t\t<span>Na jakie problemy TiEnergy mo\u017ce znale\u017a\u0107 rozwi\u0105zanie?<\/span>\n\t\t<\/a>\n\t\t<div id=\"accordion-1979644126-content\" class=\"accordion-inner\" aria-labelledby=\"accordion-1979644126-label\" >\n\t\t\t\n\n<ol>\n<li style=\"font-weight: 400;\" aria-level=\"2\"><span style=\"font-weight: 400;\">Mo\u017cemy pom\u00f3c w oczyszczeniu tor\u00f3w kolejowych klasy 1, klasy 2 i kr\u00f3tkiej linii w ca\u0142ym kraju, aby firmy kolejowe mog\u0142y wykorzysta\u0107 swoj\u0105 ziemi\u0119 do pracy dla nich, zamiast s\u0142u\u017cy\u0107 jako magazyn niechcianych podk\u0142ad\u00f3w.&nbsp;<\/span><\/li>\n<li style=\"font-weight: 400;\" aria-level=\"2\"><span style=\"font-weight: 400;\">Eliminujemy podk\u0142ady kolejowe, co z kolei eliminuje ryzyko dla kolei. Krawaty nie b\u0119d\u0105 si\u0119 pi\u0119trzy\u0107 i gni\u0107 w ziemi lub przypadkowo zapala\u0107 si\u0119, powoduj\u0105c szkody.&nbsp;<\/span><\/li>\n<li style=\"font-weight: 400;\" aria-level=\"2\"><span style=\"font-weight: 400;\">Je\u015bli koleje nie maj\u0105 miejsca, w kt\u00f3rym mogliby\u015bmy si\u0119 zmobilizowa\u0107, jeste\u015bmy gotowi przyj\u0105\u0107 u\u017cywane podk\u0142ady kolejowe w The Belt Railway of Chicago. Umieszczenie podk\u0142ad\u00f3w kolejowych w wagonach poci\u0105gowych skutkuje ni\u017cszymi kosztami pracy dla kolei.<\/span><\/li>\n<li style=\"font-weight: 400;\" aria-level=\"2\"><span style=\"font-weight: 400;\">Pomagamy wspiera\u0107 cele zr\u00f3wnowa\u017conego rozwoju kolei, jednocze\u015bnie utrzymuj\u0105c wydajno\u015b\u0107 i ruch sk\u0142adowisk odpad\u00f3w w ca\u0142ym kraju. TIEROC jest produktem ubocznym zu\u017cytych podk\u0142ad\u00f3w kolejowych, a po przetworzeniu wywozimy je do ponownego wykorzystania na wysypiskach w ca\u0142ych Stanach Zjednoczonych. Powi\u0105zania b\u0119d\u0105 s\u0142u\u017cy\u0142y jeszcze dw\u00f3m celom: jako baza drogowa wysypiska (ADC lub ACM), aw ko\u0144cowej fazie TIEROC stanie si\u0119 \u017ar\u00f3d\u0142em energii dla samego sk\u0142adowiska.&nbsp;&nbsp;<\/span><\/li>\n<\/ol>\n\n\t\t<\/div>\n\t<\/div>\n\t\n\n<\/div>\n\n\t\t<\/div>\n\t\t\t\t\t<\/div>\n\n\t\n\n<\/div>\n\n\t\t<\/div>\n\n\t\t\n<style>\n#section_892251076 {\n  padding-top: 30px;\n  padding-bottom: 30px;\n}\n<\/style>\n\t<\/section>","protected":false},"excerpt":{"rendered":"","protected":false},"author":2,"featured_media":0,"parent":0,"menu_order":0,"comment_status":"closed","ping_status":"closed","template":"page-blank.php","meta":{"footnotes":""},"class_list":["post-524","page","type-page","status-publish","hentry"],"yoast_head":"<!-- This site is optimized with the Yoast SEO plugin v27.4 - https:\/\/yoast.com\/product\/yoast-seo-wordpress\/ -->\n<title>Frequently Asked Questions about Railroad Ties Removal | TiEnergy<\/title>\n<meta name=\"description\" content=\"Our FAQ page offers answers about the rail road tie removal process, techniques, and considerations involved.\" \/>\n<meta name=\"robots\" content=\"index, follow, max-snippet:-1, max-image-preview:large, max-video-preview:-1\" \/>\n<link rel=\"canonical\" href=\"https:\/\/www.tienergy-usa.com\/pl\/czesto-zadawane-pytania\/\" \/>\n<meta property=\"og:locale\" content=\"pl_PL\" \/>\n<meta property=\"og:type\" content=\"article\" \/>\n<meta property=\"og:title\" content=\"Frequently Asked Questions about Railroad Ties Removal | TiEnergy\" \/>\n<meta property=\"og:description\" content=\"Our FAQ page offers answers about the rail road tie removal process, techniques, and considerations involved.\" \/>\n<meta property=\"og:url\" content=\"https:\/\/www.tienergy-usa.com\/pl\/czesto-zadawane-pytania\/\" \/>\n<meta property=\"og:site_name\" content=\"TiEnergy I Railroad Sustainability I Tie Recycling\" \/>\n<meta property=\"article:modified_time\" content=\"2023-09-01T16:45:41+00:00\" \/>\n<meta name=\"twitter:card\" content=\"summary_large_image\" \/>\n<meta name=\"twitter:label1\" content=\"Szacowany czas czytania\" \/>\n\t<meta name=\"twitter:data1\" content=\"2 minutes\" \/>\n<script type=\"application\/ld+json\" class=\"yoast-schema-graph\">{\"@context\":\"https:\\\/\\\/schema.org\",\"@graph\":[{\"@type\":\"WebPage\",\"@id\":\"https:\\\/\\\/www.tienergy-usa.com\\\/faq\\\/\",\"url\":\"https:\\\/\\\/www.tienergy-usa.com\\\/faq\\\/\",\"name\":\"Frequently Asked Questions about Railroad Ties Removal | TiEnergy\",\"isPartOf\":{\"@id\":\"https:\\\/\\\/www.tienergy-usa.com\\\/#website\"},\"datePublished\":\"2023-01-17T18:23:03+00:00\",\"dateModified\":\"2023-09-01T16:45:41+00:00\",\"description\":\"Our FAQ page offers answers about the rail road tie removal process, techniques, and considerations involved.\",\"breadcrumb\":{\"@id\":\"https:\\\/\\\/www.tienergy-usa.com\\\/faq\\\/#breadcrumb\"},\"inLanguage\":\"pl-PL\",\"potentialAction\":[{\"@type\":\"ReadAction\",\"target\":[\"https:\\\/\\\/www.tienergy-usa.com\\\/faq\\\/\"]}]},{\"@type\":\"BreadcrumbList\",\"@id\":\"https:\\\/\\\/www.tienergy-usa.com\\\/faq\\\/#breadcrumb\",\"itemListElement\":[{\"@type\":\"ListItem\",\"position\":1,\"name\":\"Home\",\"item\":\"https:\\\/\\\/www.tienergy-usa.com\\\/\"},{\"@type\":\"ListItem\",\"position\":2,\"name\":\"FAQ\"}]},{\"@type\":\"WebSite\",\"@id\":\"https:\\\/\\\/www.tienergy-usa.com\\\/#website\",\"url\":\"https:\\\/\\\/www.tienergy-usa.com\\\/\",\"name\":\"TiEnergy I Railroad Sustainability I Tie Recycling\",\"description\":\"Change the process, change the world one tie at a time.\",\"potentialAction\":[{\"@type\":\"SearchAction\",\"target\":{\"@type\":\"EntryPoint\",\"urlTemplate\":\"https:\\\/\\\/www.tienergy-usa.com\\\/?s={search_term_string}\"},\"query-input\":{\"@type\":\"PropertyValueSpecification\",\"valueRequired\":true,\"valueName\":\"search_term_string\"}}],\"inLanguage\":\"pl-PL\"}]}<\/script>\n<!-- \/ Yoast SEO plugin. -->","yoast_head_json":{"title":"Cz\u0119sto zadawane pytania dotycz\u0105ce usuwania podk\u0142ad\u00f3w kolejowych | TiEnergy","description":"Nasza strona z cz\u0119sto zadawanymi pytaniami zawiera odpowiedzi na temat procesu usuwania podk\u0142adu kolejowego, technik i zwi\u0105zanych z tym kwestii.","robots":{"index":"index","follow":"follow","max-snippet":"max-snippet:-1","max-image-preview":"max-image-preview:large","max-video-preview":"max-video-preview:-1"},"canonical":"https:\/\/www.tienergy-usa.com\/pl\/czesto-zadawane-pytania\/","og_locale":"pl_PL","og_type":"article","og_title":"Frequently Asked Questions about Railroad Ties Removal | TiEnergy","og_description":"Our FAQ page offers answers about the rail road tie removal process, techniques, and considerations involved.","og_url":"https:\/\/www.tienergy-usa.com\/pl\/czesto-zadawane-pytania\/","og_site_name":"TiEnergy I Railroad Sustainability I Tie Recycling","article_modified_time":"2023-09-01T16:45:41+00:00","twitter_card":"summary_large_image","twitter_misc":{"Szacowany czas czytania":"2 minutes"},"schema":{"@context":"https:\/\/schema.org","@graph":[{"@type":"WebPage","@id":"https:\/\/www.tienergy-usa.com\/faq\/","url":"https:\/\/www.tienergy-usa.com\/faq\/","name":"Cz\u0119sto zadawane pytania dotycz\u0105ce usuwania podk\u0142ad\u00f3w kolejowych | TiEnergy","isPartOf":{"@id":"https:\/\/www.tienergy-usa.com\/#website"},"datePublished":"2023-01-17T18:23:03+00:00","dateModified":"2023-09-01T16:45:41+00:00","description":"Nasza strona z cz\u0119sto zadawanymi pytaniami zawiera odpowiedzi na temat procesu usuwania podk\u0142adu kolejowego, technik i zwi\u0105zanych z tym kwestii.","breadcrumb":{"@id":"https:\/\/www.tienergy-usa.com\/faq\/#breadcrumb"},"inLanguage":"pl-PL","potentialAction":[{"@type":"ReadAction","target":["https:\/\/www.tienergy-usa.com\/faq\/"]}]},{"@type":"BreadcrumbList","@id":"https:\/\/www.tienergy-usa.com\/faq\/#breadcrumb","itemListElement":[{"@type":"ListItem","position":1,"name":"Home","item":"https:\/\/www.tienergy-usa.com\/"},{"@type":"ListItem","position":2,"name":"FAQ"}]},{"@type":"WebSite","@id":"https:\/\/www.tienergy-usa.com\/#website","url":"https:\/\/www.tienergy-usa.com\/","name":"TiEnergy I Zr\u00f3wnowa\u017cony rozw\u00f3j kolei I Tie Recycling","description":"Zmie\u0144 proces, zmie\u0144 \u015bwiat po kolei.","potentialAction":[{"@type":"SearchAction","target":{"@type":"EntryPoint","urlTemplate":"https:\/\/www.tienergy-usa.com\/?s={search_term_string}"},"query-input":{"@type":"PropertyValueSpecification","valueRequired":true,"valueName":"search_term_string"}}],"inLanguage":"pl-PL"}]}},"_links":{"self":[{"href":"https:\/\/www.tienergy-usa.com\/pl\/wp-json\/wp\/v2\/pages\/524","targetHints":{"allow":["GET"]}}],"collection":[{"href":"https:\/\/www.tienergy-usa.com\/pl\/wp-json\/wp\/v2\/pages"}],"about":[{"href":"https:\/\/www.tienergy-usa.com\/pl\/wp-json\/wp\/v2\/types\/page"}],"author":[{"embeddable":true,"href":"https:\/\/www.tienergy-usa.com\/pl\/wp-json\/wp\/v2\/users\/2"}],"replies":[{"embeddable":true,"href":"https:\/\/www.tienergy-usa.com\/pl\/wp-json\/wp\/v2\/comments?post=524"}],"version-history":[{"count":5,"href":"https:\/\/www.tienergy-usa.com\/pl\/wp-json\/wp\/v2\/pages\/524\/revisions"}],"predecessor-version":[{"id":1079,"href":"https:\/\/www.tienergy-usa.com\/pl\/wp-json\/wp\/v2\/pages\/524\/revisions\/1079"}],"wp:attachment":[{"href":"https:\/\/www.tienergy-usa.com\/pl\/wp-json\/wp\/v2\/media?parent=524"}],"curies":[{"name":"wp","href":"https:\/\/api.w.org\/{rel}","templated":true}]}}