{"id":765,"date":"2023-08-04T11:26:49","date_gmt":"2023-08-04T11:26:49","guid":{"rendered":"https:\/\/www.tienergy-usa.com\/?page_id=765"},"modified":"2026-03-25T14:37:38","modified_gmt":"2026-03-25T19:37:38","slug":"about-us","status":"publish","type":"page","link":"https:\/\/www.tienergy-usa.com\/es\/sobre-nosotros\/","title":{"rendered":"Sobre nosotros"},"content":{"rendered":"<section class=\"section dark\" id=\"section_446847941\">\n\t\t<div class=\"section-bg fill\" >\n\t\t\t<img loading=\"lazy\" decoding=\"async\" width=\"2560\" height=\"1598\" src=\"https:\/\/www.tienergy-usa.com\/wp-content\/uploads\/2023\/08\/About-Us_Innovative-sustainable-solutions-for-railroads_TiEnergy-gives-new-life-to-expired-ties-2-scaled.jpg\" class=\"bg attachment-original size-original\" alt=\"Soluciones-innovadoras-sostenibles-para-ferrocarriles_TiEnergy-da-nueva-vida-a-v\u00edas-caducadas\" \/>\t\t\t\t\t\t<div class=\"section-bg-overlay absolute fill\"><\/div>\n\t\t\t\n\n\t\t<\/div>\n\n\t\t\n\n\t\t<div class=\"section-content relative\">\n\t\t\t\n\n\t<div id=\"gap-497800198\" class=\"gap-element clearfix\" style=\"display:block; height:auto;\">\n\t\t\n<style>\n#gap-497800198 {\n  padding-top: 30px;\n}\n@media (min-width:550px) {\n  #gap-497800198 {\n    padding-top: 50px;\n  }\n}\n<\/style>\n\t<\/div>\n\t\n\n<div class=\"row align-middle\"  id=\"row-910113670\">\n\n\n\t<div id=\"col-175058593\" class=\"col medium-9 small-12 large-9\"  >\n\t\t\t\t<div class=\"col-inner text-shadow-5\"  >\n\t\t\t\n\t\t\t\n\n\t<div id=\"text-4114657793\" class=\"text\">\n\t\t\n\n<h1 class=\"mb-half\"><strong>Soluciones innovadoras y sostenibles para ferrocarriles<\/strong><\/h1>\n\t\t\n<style>\n#text-4114657793 {\n  font-size: 1rem;\n  line-height: 1.1;\n}\n@media (min-width:550px) {\n  #text-4114657793 {\n    font-size: 1.4rem;\n  }\n}\n<\/style>\n\t<\/div>\n\t\n\t<div id=\"text-3865839073\" class=\"text\">\n\t\t\n\n<h4><strong>TiEnergy da nueva vida a lazos caducados.<\/strong><\/h4>\n\t\t\n<style>\n#text-3865839073 {\n  font-size: 1.1rem;\n  line-height: 1.3;\n}\n<\/style>\n\t<\/div>\n\t\n\t<div id=\"gap-1118899819\" class=\"gap-element clearfix\" style=\"display:block; height:auto;\">\n\t\t\n<style>\n#gap-1118899819 {\n  padding-top: 30px;\n}\n<\/style>\n\t<\/div>\n\t\n\n<a href=\"https:\/\/www.tienergy-usa.com\/es\/contactenos\/\" class=\"button secondary\"  >\n\t\t<span>vamos a conectar<\/span>\n\t<\/a>\n\n\n\n\t\t<\/div>\n\t\t\t\t\t<\/div>\n\n\t\n\n\t<div id=\"col-1714293999\" class=\"col medium-3 small-12 large-3\"  >\n\t\t\t\t<div class=\"col-inner\"  >\n\t\t\t\n\t\t\t\n\n\t<div class=\"img has-hover x md-x lg-x y md-y lg-y\" id=\"image_869118582\">\n\t\t\t\t\t\t\t\t<div class=\"img-inner dark\" >\n\t\t\t<img loading=\"lazy\" decoding=\"async\" width=\"1020\" height=\"1020\" src=\"https:\/\/www.tienergy-usa.com\/wp-content\/uploads\/2023\/08\/TE_20-Years-Plus-in-Service-Logo_04-05-23_Final-03.png\" class=\"attachment-large size-large\" alt=\"\" \/>\t\t\t\t\t\t\n\t\t\t\t\t<\/div>\n\t\t\t\t\t\t\t\t\n<style>\n#image_869118582 {\n  width: 75%;\n}\n@media (min-width:550px) {\n  #image_869118582 {\n    width: 100%;\n  }\n}\n<\/style>\n\t<\/div>\n\t\n\n\n\t\t<\/div>\n\t\t\t\t\t<\/div>\n\n\t\n\n<\/div>\n\n\t\t<\/div>\n\n\t\t\n<style>\n#section_446847941 {\n  padding-top: 67px;\n  padding-bottom: 67px;\n  background-color: #176d3c;\n}\n#section_446847941 .section-bg-overlay {\n  background-color: rgba(0, 0, 0, 0.434);\n}\n#section_446847941 .section-bg img {\n  object-position: 59% 34%;\n}\n@media (min-width:550px) {\n  #section_446847941 {\n    padding-top: 30px;\n    padding-bottom: 30px;\n  }\n}\n<\/style>\n\t<\/section>\n\t\n\n\t<section class=\"section\" id=\"section_1094292092\">\n\t\t<div class=\"section-bg fill\" >\n\t\t\t\t\t\t\t\t\t\n\t\t\t\n\n\t\t<\/div>\n\n\t\t\n\n\t\t<div class=\"section-content relative\">\n\t\t\t\n\n<div class=\"row\"  id=\"row-2023529359\">\n\n\n\t<div id=\"col-1199645860\" class=\"col small-12 large-12\"  >\n\t\t\t\t<div class=\"col-inner text-center\"  >\n\t\t\t\n\t\t\t\n\n\t<div id=\"text-2436260501\" class=\"text\">\n\t\t\n\n<h2 class=\"mb-half\"><strong>en que somos diferentes<\/strong><\/h2>\n<h5>Nuestros clientes nos dicen que su #1 para usarnos es la facilidad de hacer negocios<\/h5>\n\t\t\n<style>\n#text-2436260501 {\n  line-height: 1;\n}\n<\/style>\n\t<\/div>\n\t\n\n\t\t<\/div>\n\t\t\t\t\t<\/div>\n\n\t\n\n<\/div>\n<div class=\"row\"  id=\"row-1396296603\">\n\n\n\t<div id=\"col-2078157674\" class=\"col medium-6 small-12 large-4\"  >\n\t\t\t\t<div class=\"col-inner text-left\"  >\n\t\t\t\n\t\t\t\n\n\t<div class=\"box has-hover   has-hover box-text-bottom\" >\n\n\t\t<div class=\"box-image\" >\n\t\t\t\t\t\t<div class=\"image-cover\" style=\"padding-top:75%;\">\n\t\t\t\t<img loading=\"lazy\" decoding=\"async\" width=\"422\" height=\"341\" src=\"https:\/\/www.tienergy-usa.com\/wp-content\/uploads\/2023\/08\/About-Us_Innovative-eco-friendly-process-1.png\" class=\"attachment- size-\" alt=\"Sobre nosotros_Proceso innovador ecol\u00f3gico\" srcset=\"https:\/\/www.tienergy-usa.com\/wp-content\/uploads\/2023\/08\/About-Us_Innovative-eco-friendly-process-1.png 422w, https:\/\/www.tienergy-usa.com\/wp-content\/uploads\/2023\/08\/About-Us_Innovative-eco-friendly-process-1-15x12.png 15w\" sizes=\"auto, (max-width: 422px) 100vw, 422px\" \/>\t\t\t\t\t\t\t\t\t\t\t<\/div>\n\t\t\t\t\t<\/div>\n\n\t\t<div class=\"box-text text-left\" >\n\t\t\t<div class=\"box-text-inner\">\n\t\t\t\t\n\n<h4><strong>Transporte de Flotas<\/strong><\/h4>\n\t<div id=\"gap-212209379\" class=\"gap-element clearfix\" style=\"display:block; height:auto;\">\n\t\t\n<style>\n#gap-212209379 {\n  padding-top: 10px;\n}\n<\/style>\n\t<\/div>\n\t\n\n<p>Con una flota de camiones, podemos movilizarnos a cualquier parte del Medio Oeste y rectificar durmientes de ferrocarril en el sitio y transportarlo fuera del sitio.\u200b<\/p>\n\n\t\t\t<\/div>\n\t\t<\/div>\n\t<\/div>\n\t\n\n\t\t<\/div>\n\t\t\t\t\t<\/div>\n\n\t\n\n\t<div id=\"col-1693395993\" class=\"col medium-6 small-12 large-4\"  >\n\t\t\t\t<div class=\"col-inner text-left\"  >\n\t\t\t\n\t\t\t\n\n\t<div class=\"box has-hover   has-hover box-text-bottom\" >\n\n\t\t<div class=\"box-image\" >\n\t\t\t\t\t\t<div class=\"image-cover\" style=\"padding-top:75%;\">\n\t\t\t\t<img loading=\"lazy\" decoding=\"async\" width=\"422\" height=\"341\" src=\"https:\/\/www.tienergy-usa.com\/wp-content\/uploads\/2023\/08\/About-Us_Belt-Way-Access.png\" class=\"attachment- size-\" alt=\"\" srcset=\"https:\/\/www.tienergy-usa.com\/wp-content\/uploads\/2023\/08\/About-Us_Belt-Way-Access.png 422w, https:\/\/www.tienergy-usa.com\/wp-content\/uploads\/2023\/08\/About-Us_Belt-Way-Access-15x12.png 15w\" sizes=\"auto, (max-width: 422px) 100vw, 422px\" \/>\t\t\t\t\t\t\t\t\t\t\t<\/div>\n\t\t\t\t\t<\/div>\n\n\t\t<div class=\"box-text text-left\" >\n\t\t\t<div class=\"box-text-inner\">\n\t\t\t\t\n\n<h4><strong>Acceso a Belt Railway Company of Chicago<\/strong><\/h4>\n\t<div id=\"gap-1678301345\" class=\"gap-element clearfix\" style=\"display:block; height:auto;\">\n\t\t\n<style>\n#gap-1678301345 {\n  padding-top: 10px;\n}\n<\/style>\n\t<\/div>\n\t\n\n<p>Los lazos ferroviarios se pueden aceptar en todo el pa\u00eds por ferrocarril.<\/p>\n\n\t\t\t<\/div>\n\t\t<\/div>\n\t<\/div>\n\t\n\n\t\t<\/div>\n\t\t\t\t\t<\/div>\n\n\t\n\n\t<div id=\"col-1176076888\" class=\"col medium-6 small-12 large-4\"  >\n\t\t\t\t<div class=\"col-inner text-left\"  >\n\t\t\t\n\t\t\t\n\n\t<div class=\"box has-hover   has-hover box-text-bottom\" >\n\n\t\t<div class=\"box-image\" >\n\t\t\t\t\t\t<div class=\"image-cover\" style=\"padding-top:75%;\">\n\t\t\t\t<img loading=\"lazy\" decoding=\"async\" width=\"422\" height=\"341\" src=\"https:\/\/www.tienergy-usa.com\/wp-content\/uploads\/2023\/08\/About-Us_Patented-Tech.png\" class=\"attachment- size-\" alt=\"TiEnergy_Acerca de nosotros_Tecnolog\u00eda patentada para la sustentabilidad ferroviaria\" srcset=\"https:\/\/www.tienergy-usa.com\/wp-content\/uploads\/2023\/08\/About-Us_Patented-Tech.png 422w, https:\/\/www.tienergy-usa.com\/wp-content\/uploads\/2023\/08\/About-Us_Patented-Tech-15x12.png 15w\" sizes=\"auto, (max-width: 422px) 100vw, 422px\" \/>\t\t\t\t\t\t\t\t\t\t\t<\/div>\n\t\t\t\t\t<\/div>\n\n\t\t<div class=\"box-text text-left\" >\n\t\t\t<div class=\"box-text-inner\">\n\t\t\t\t\n\n<h4><strong>Tecnolog\u00eda patentada<\/strong><\/h4>\n\t<div id=\"gap-577896418\" class=\"gap-element clearfix\" style=\"display:block; height:auto;\">\n\t\t\n<style>\n#gap-577896418 {\n  padding-top: 10px;\n}\n<\/style>\n\t<\/div>\n\t\n\n<p>La maquinaria de TiEnergy separa el metal y la madera diez veces m\u00e1s r\u00e1pido que los procesos tradicionales<\/p>\n\n\t\t\t<\/div>\n\t\t<\/div>\n\t<\/div>\n\t\n\n\t\t<\/div>\n\t\t\t\t\t<\/div>\n\n\t\n\n\n<style>\n#row-1396296603 > .col > .col-inner {\n  padding: 0px 0px 0px 0px;\n}\n<\/style>\n<\/div>\n\n\t\t<\/div>\n\n\t\t\n<style>\n#section_1094292092 {\n  padding-top: 50px;\n  padding-bottom: 50px;\n}\n<\/style>\n\t<\/section>\n\t\n\n\t<section class=\"section\" id=\"section_535222862\">\n\t\t<div class=\"section-bg fill\" >\n\t\t\t\t\t\t\t\t\t<div class=\"section-bg-overlay absolute fill\"><\/div>\n\t\t\t\n\n\t\t<\/div>\n\n\t\t\n\n\t\t<div class=\"section-content relative\">\n\t\t\t\n\n<div class=\"row\"  id=\"row-106518634\">\n\n\n\t<div id=\"col-52902583\" class=\"col small-12 large-12\"  >\n\t\t\t\t<div class=\"col-inner text-center dark\"  >\n\t\t\t\n\t\t\t\n\n\t<div id=\"gap-1277228929\" class=\"gap-element clearfix\" style=\"display:block; height:auto;\">\n\t\t\n<style>\n#gap-1277228929 {\n  padding-top: 30px;\n}\n@media (min-width:550px) {\n  #gap-1277228929 {\n    padding-top: 31px;\n  }\n}\n<\/style>\n\t<\/div>\n\t\n\n<div class=\"row row-collapse\"  id=\"row-1006265070\">\n\n\n\t<div id=\"col-1108175399\" class=\"col medium-6 small-12 large-6\"  >\n\t\t\t\t<div class=\"col-inner\"  >\n\t\t\t\n\t\t\t\n\n\n  <div class=\"banner has-hover\" id=\"banner-2071531116\">\n          <div class=\"banner-inner fill\">\n        <div class=\"banner-bg fill\" >\n            <img loading=\"lazy\" decoding=\"async\" width=\"512\" height=\"384\" src=\"https:\/\/www.tienergy-usa.com\/wp-content\/uploads\/2023\/08\/unnamed-2-1.jpg\" class=\"bg attachment-large size-large\" alt=\"\" \/>                                    \n                    <\/div>\n\t\t\n        <div class=\"banner-layers container\">\n            <div class=\"fill banner-link\"><\/div>            \n\n   <div id=\"text-box-1459929535\" class=\"text-box banner-layer x100 md-x100 lg-x100 y10 md-y10 lg-y10 res-text\">\n                                <div class=\"text-box-content text dark\">\n              \n\t<div class=\"is-border\"\n\t\tstyle=\"border-color:rgb(255, 255, 255);border-width:3px 3px 3px 3px;\">\n\t<\/div>\n              <div class=\"text-inner text-center\">\n                  \n\n\t<div id=\"text-3441614955\" class=\"text\">\n\t\t\n\n<h3 class=\"uppercase\"><strong>Antes<\/strong><\/h3>\n\t\t\n<style>\n#text-3441614955 {\n  font-size: 1.5rem;\n}\n<\/style>\n\t<\/div>\n\t\n\n              <\/div>\n           <\/div>\n                            \n<style>\n#text-box-1459929535 {\n  width: 60%;\n}\n#text-box-1459929535 .text-box-content {\n  font-size: 100%;\n}\n<\/style>\n    <\/div>\n \n\n        <\/div>\n      <\/div>\n\n            \n<style>\n#banner-2071531116 {\n  padding-top: 500px;\n}\n<\/style>\n  <\/div>\n\n\n\n\t\t<\/div>\n\t\t\t\t\t<\/div>\n\n\t\n\n\t<div id=\"col-1282163061\" class=\"col medium-6 small-12 large-6\"  >\n\t\t\t\t<div class=\"col-inner\"  >\n\t\t\t\n\t\t\t\n\n\n  <div class=\"banner has-hover\" id=\"banner-1836444064\">\n          <div class=\"banner-inner fill\">\n        <div class=\"banner-bg fill\" >\n            <img loading=\"lazy\" decoding=\"async\" width=\"1020\" height=\"765\" src=\"https:\/\/www.tienergy-usa.com\/wp-content\/uploads\/2023\/08\/About-Us_After-1-1024x768.jpg\" class=\"bg attachment-large size-large\" alt=\"TiEnergy_Soluciones de sostenibilidad ferroviaria galardonadas\" \/>                                    \n                    <\/div>\n\t\t\n        <div class=\"banner-layers container\">\n            <div class=\"fill banner-link\"><\/div>            \n\n   <div id=\"text-box-153514000\" class=\"text-box banner-layer x0 md-x0 lg-x0 y10 md-y10 lg-y10 res-text\">\n                                <div class=\"text-box-content text dark\">\n              \n\t<div class=\"is-border\"\n\t\tstyle=\"border-color:rgb(255, 255, 255);border-width:3px 3px 3px 3px;\">\n\t<\/div>\n              <div class=\"text-inner text-center\">\n                  \n\n\t<div id=\"text-809493515\" class=\"text\">\n\t\t\n\n<h3 class=\"uppercase\"><strong>Despu\u00e9s<\/strong><\/h3>\n\t\t\n<style>\n#text-809493515 {\n  font-size: 1.5rem;\n  color: rgb(255,255,255);\n}\n#text-809493515 > * {\n  color: rgb(255,255,255);\n}\n<\/style>\n\t<\/div>\n\t\n\n              <\/div>\n           <\/div>\n                            \n<style>\n#text-box-153514000 {\n  width: 60%;\n}\n#text-box-153514000 .text-box-content {\n  font-size: 100%;\n}\n<\/style>\n    <\/div>\n \n\n        <\/div>\n      <\/div>\n\n            \n<style>\n#banner-1836444064 {\n  padding-top: 500px;\n}\n<\/style>\n  <\/div>\n\n\n\n\t\t<\/div>\n\t\t\t\t\t<\/div>\n\n\t\n\n<\/div>\n\n\t\t<\/div>\n\t\t\t\t\t<\/div>\n\n\t\n\n<\/div>\n\n\t\t<\/div>\n\n\t\t\n<style>\n#section_535222862 {\n  padding-top: 68px;\n  padding-bottom: 68px;\n  background-color: #176d3c;\n}\n#section_535222862 .section-bg-overlay {\n  background-color: rgba(14, 82, 44, 0.901);\n}\n@media (min-width:550px) {\n  #section_535222862 {\n    padding-top: 40px;\n    padding-bottom: 40px;\n  }\n}\n<\/style>\n\t<\/section>\n\t\n\n\t<section class=\"section\" id=\"section_1800776211\">\n\t\t<div class=\"section-bg fill\" >\n\t\t\t\t\t\t\t\t\t\n\t\t\t\n\n\t\t<\/div>\n\n\t\t\n\n\t\t<div class=\"section-content relative\">\n\t\t\t\n\n<div class=\"row align-middle\"  id=\"row-1281672405\">\n\n\n\t<div id=\"col-690194621\" class=\"col medium-6 small-12 large-6\"  >\n\t\t\t\t<div class=\"col-inner\"  >\n\t\t\t\n\t\t\t\n\n\t<div id=\"text-1807226541\" class=\"text\">\n\t\t\n\n<h2><strong>Declaraci\u00f3n de Sostenibilidad<\/strong><\/h2>\n<p>TiEnergy impulsa el progreso de la industria ferroviaria mediante la recuperaci\u00f3n de su pasado. Un legado de innovaci\u00f3n en EE. UU. dej\u00f3 su huella en forma de millones de traviesas de ferrocarril en desuso. TiEnergy fue pionera en soluciones innovadoras, ecol\u00f3gicas y rentables para reutilizar traviesas, postes de servicios p\u00fablicos, paletas y plataformas de gr\u00faas. Al reciclar traviesas y madera viejas para convertirlas en residuos de vertederos, TiEnergy est\u00e1 llevando a la industria ferroviaria hacia un futuro sostenible.<\/p>\n\t\t\n<style>\n#text-1807226541 {\n  text-align: left;\n}\n<\/style>\n\t<\/div>\n\t\n\n\t\t<\/div>\n\t\t\t\t\t<\/div>\n\n\t\n\n\t<div id=\"col-1660207583\" class=\"col medium-6 small-12 large-4 small-col-first\"  >\n\t\t\t\t<div class=\"col-inner\"  >\n\t\t\t\n\t\t\t\n\n\t<div class=\"img has-hover x md-x lg-x y md-y lg-y\" id=\"image_1842058293\">\n\t\t\t\t\t\t\t\t<div class=\"img-inner dark\" >\n\t\t\t<img loading=\"lazy\" decoding=\"async\" width=\"1020\" height=\"824\" src=\"https:\/\/www.tienergy-usa.com\/wp-content\/uploads\/2023\/08\/shutterstock_94652485-1-1024x827.jpg\" class=\"attachment-large size-large\" alt=\"\" srcset=\"https:\/\/www.tienergy-usa.com\/wp-content\/uploads\/2023\/08\/shutterstock_94652485-1-1024x827.jpg 1024w, https:\/\/www.tienergy-usa.com\/wp-content\/uploads\/2023\/08\/shutterstock_94652485-1-500x404.jpg 500w, https:\/\/www.tienergy-usa.com\/wp-content\/uploads\/2023\/08\/shutterstock_94652485-1-768x620.jpg 768w, https:\/\/www.tienergy-usa.com\/wp-content\/uploads\/2023\/08\/shutterstock_94652485-1-1536x1240.jpg 1536w, https:\/\/www.tienergy-usa.com\/wp-content\/uploads\/2023\/08\/shutterstock_94652485-1-15x12.jpg 15w, https:\/\/www.tienergy-usa.com\/wp-content\/uploads\/2023\/08\/shutterstock_94652485-1.jpg 1920w\" sizes=\"auto, (max-width: 1020px) 100vw, 1020px\" \/>\t\t\t\t\t\t\n\t\t\t\t\t<\/div>\n\t\t\t\t\t\t\t\t\n<style>\n#image_1842058293 {\n  width: 100%;\n}\n<\/style>\n\t<\/div>\n\t\n\n\n\t\t<\/div>\n\t\t\t\t\t<\/div>\n\n\t\n\n<\/div>\n<div class=\"row\"  id=\"row-358384745\">\n\n\n\t<div id=\"col-878826208\" class=\"col small-12 large-12\"  >\n\t\t\t\t<div class=\"col-inner\"  >\n\t\t\t\n\t\t\t\n\n<p>Nuestro compromiso con la sustentabilidad se extiende desde nuestros empleados y clientes hasta nuestras comunidades compartidas en todo el pa\u00eds. Somos conscientes de las generaciones futuras que utilizar\u00e1n la misma tierra que usan nuestros ferrocarriles. Cada corbata reciclada representa el progreso hacia un futuro m\u00e1s limpio para las generaciones venideras.\u200b<\/p>\n\n\t\t<\/div>\n\t\t\t\t\t<\/div>\n\n\t\n\n<\/div>\n\n\t\t<\/div>\n\n\t\t\n<style>\n#section_1800776211 {\n  padding-top: 60px;\n  padding-bottom: 60px;\n}\n<\/style>\n\t<\/section>","protected":false},"excerpt":{"rendered":"","protected":false},"author":2,"featured_media":0,"parent":0,"menu_order":0,"comment_status":"closed","ping_status":"closed","template":"page-blank.php","meta":{"footnotes":""},"class_list":["post-765","page","type-page","status-publish","hentry"],"yoast_head":"<!-- This site is optimized with the Yoast SEO plugin v27.4 - https:\/\/yoast.com\/product\/yoast-seo-wordpress\/ -->\n<title>About Us - TiEnergy I Railroad Sustainability I Tie Recycling<\/title>\n<meta name=\"description\" content=\"TiEnergy, innovative, sustainable solutions for railroads. How we\u2019re different: fleet transportation, access to the Belt Railway Co...\" \/>\n<meta name=\"robots\" content=\"index, follow, max-snippet:-1, max-image-preview:large, max-video-preview:-1\" \/>\n<link rel=\"canonical\" href=\"https:\/\/www.tienergy-usa.com\/es\/sobre-nosotros\/\" \/>\n<meta property=\"og:locale\" content=\"es_MX\" \/>\n<meta property=\"og:type\" content=\"article\" \/>\n<meta property=\"og:title\" content=\"About Us - TiEnergy I Railroad Sustainability I Tie Recycling\" \/>\n<meta property=\"og:description\" content=\"TiEnergy, innovative, sustainable solutions for railroads. How we\u2019re different: fleet transportation, access to the Belt Railway Co...\" \/>\n<meta property=\"og:url\" content=\"https:\/\/www.tienergy-usa.com\/es\/sobre-nosotros\/\" \/>\n<meta property=\"og:site_name\" content=\"TiEnergy I Railroad Sustainability I Tie Recycling\" \/>\n<meta property=\"article:modified_time\" content=\"2026-03-25T19:37:38+00:00\" \/>\n<meta property=\"og:image\" content=\"https:\/\/www.homeadvisor.com\/images\/sp-badges\/boha-2021-solid-border.png?sp=76973960&amp;key=2178a0a6f1d893fc2c52cd6ceda20b33\" \/>\n<meta name=\"twitter:card\" content=\"summary_large_image\" \/>\n<meta name=\"twitter:label1\" content=\"Tiempo de lectura\" \/>\n\t<meta name=\"twitter:data1\" content=\"4 minutes\" \/>\n<script type=\"application\/ld+json\" class=\"yoast-schema-graph\">{\"@context\":\"https:\\\/\\\/schema.org\",\"@graph\":[{\"@type\":\"WebPage\",\"@id\":\"https:\\\/\\\/www.tienergy-usa.com\\\/about-us\\\/\",\"url\":\"https:\\\/\\\/www.tienergy-usa.com\\\/about-us\\\/\",\"name\":\"About Us - TiEnergy I Railroad Sustainability I Tie Recycling\",\"isPartOf\":{\"@id\":\"https:\\\/\\\/www.tienergy-usa.com\\\/#website\"},\"primaryImageOfPage\":{\"@id\":\"https:\\\/\\\/www.tienergy-usa.com\\\/about-us\\\/#primaryimage\"},\"image\":{\"@id\":\"https:\\\/\\\/www.tienergy-usa.com\\\/about-us\\\/#primaryimage\"},\"thumbnailUrl\":\"https:\\\/\\\/www.homeadvisor.com\\\/images\\\/sp-badges\\\/boha-2021-solid-border.png?sp=76973960&amp;key=2178a0a6f1d893fc2c52cd6ceda20b33\",\"datePublished\":\"2023-08-04T11:26:49+00:00\",\"dateModified\":\"2026-03-25T19:37:38+00:00\",\"description\":\"TiEnergy, innovative, sustainable solutions for railroads. How we\u2019re different: fleet transportation, access to the Belt Railway Co...\",\"breadcrumb\":{\"@id\":\"https:\\\/\\\/www.tienergy-usa.com\\\/about-us\\\/#breadcrumb\"},\"inLanguage\":\"es-MX\",\"potentialAction\":[{\"@type\":\"ReadAction\",\"target\":[\"https:\\\/\\\/www.tienergy-usa.com\\\/about-us\\\/\"]}]},{\"@type\":\"ImageObject\",\"inLanguage\":\"es-MX\",\"@id\":\"https:\\\/\\\/www.tienergy-usa.com\\\/about-us\\\/#primaryimage\",\"url\":\"https:\\\/\\\/www.homeadvisor.com\\\/images\\\/sp-badges\\\/boha-2021-solid-border.png?sp=76973960&amp;key=2178a0a6f1d893fc2c52cd6ceda20b33\",\"contentUrl\":\"https:\\\/\\\/www.homeadvisor.com\\\/images\\\/sp-badges\\\/boha-2021-solid-border.png?sp=76973960&amp;key=2178a0a6f1d893fc2c52cd6ceda20b33\"},{\"@type\":\"BreadcrumbList\",\"@id\":\"https:\\\/\\\/www.tienergy-usa.com\\\/about-us\\\/#breadcrumb\",\"itemListElement\":[{\"@type\":\"ListItem\",\"position\":1,\"name\":\"Home\",\"item\":\"https:\\\/\\\/www.tienergy-usa.com\\\/\"},{\"@type\":\"ListItem\",\"position\":2,\"name\":\"About Us\"}]},{\"@type\":\"WebSite\",\"@id\":\"https:\\\/\\\/www.tienergy-usa.com\\\/#website\",\"url\":\"https:\\\/\\\/www.tienergy-usa.com\\\/\",\"name\":\"TiEnergy I Railroad Sustainability I Tie Recycling\",\"description\":\"Change the process, change the world one tie at a time.\",\"potentialAction\":[{\"@type\":\"SearchAction\",\"target\":{\"@type\":\"EntryPoint\",\"urlTemplate\":\"https:\\\/\\\/www.tienergy-usa.com\\\/?s={search_term_string}\"},\"query-input\":{\"@type\":\"PropertyValueSpecification\",\"valueRequired\":true,\"valueName\":\"search_term_string\"}}],\"inLanguage\":\"es-MX\"}]}<\/script>\n<!-- \/ Yoast SEO plugin. -->","yoast_head_json":{"title":"Sobre nosotros - TiEnergy I Sustentabilidad ferroviaria I Tie Recycling","description":"TiEnergy, soluciones innovadoras y sostenibles para ferrocarriles. En qu\u00e9 nos diferenciamos: transporte de flotas, acceso a Belt Railway Co...","robots":{"index":"index","follow":"follow","max-snippet":"max-snippet:-1","max-image-preview":"max-image-preview:large","max-video-preview":"max-video-preview:-1"},"canonical":"https:\/\/www.tienergy-usa.com\/es\/sobre-nosotros\/","og_locale":"es_MX","og_type":"article","og_title":"About Us - TiEnergy I Railroad Sustainability I Tie Recycling","og_description":"TiEnergy, innovative, sustainable solutions for railroads. How we\u2019re different: fleet transportation, access to the Belt Railway Co...","og_url":"https:\/\/www.tienergy-usa.com\/es\/sobre-nosotros\/","og_site_name":"TiEnergy I Railroad Sustainability I Tie Recycling","article_modified_time":"2026-03-25T19:37:38+00:00","og_image":[{"url":"https:\/\/www.homeadvisor.com\/images\/sp-badges\/boha-2021-solid-border.png?sp=76973960&amp;key=2178a0a6f1d893fc2c52cd6ceda20b33","type":"","width":"","height":""}],"twitter_card":"summary_large_image","twitter_misc":{"Tiempo de lectura":"4 minutes"},"schema":{"@context":"https:\/\/schema.org","@graph":[{"@type":"WebPage","@id":"https:\/\/www.tienergy-usa.com\/about-us\/","url":"https:\/\/www.tienergy-usa.com\/about-us\/","name":"Sobre nosotros - TiEnergy I Sustentabilidad ferroviaria I Tie Recycling","isPartOf":{"@id":"https:\/\/www.tienergy-usa.com\/#website"},"primaryImageOfPage":{"@id":"https:\/\/www.tienergy-usa.com\/about-us\/#primaryimage"},"image":{"@id":"https:\/\/www.tienergy-usa.com\/about-us\/#primaryimage"},"thumbnailUrl":"https:\/\/www.homeadvisor.com\/images\/sp-badges\/boha-2021-solid-border.png?sp=76973960&amp;key=2178a0a6f1d893fc2c52cd6ceda20b33","datePublished":"2023-08-04T11:26:49+00:00","dateModified":"2026-03-25T19:37:38+00:00","description":"TiEnergy, soluciones innovadoras y sostenibles para ferrocarriles. En qu\u00e9 nos diferenciamos: transporte de flotas, acceso a Belt Railway Co...","breadcrumb":{"@id":"https:\/\/www.tienergy-usa.com\/about-us\/#breadcrumb"},"inLanguage":"es-MX","potentialAction":[{"@type":"ReadAction","target":["https:\/\/www.tienergy-usa.com\/about-us\/"]}]},{"@type":"ImageObject","inLanguage":"es-MX","@id":"https:\/\/www.tienergy-usa.com\/about-us\/#primaryimage","url":"https:\/\/www.homeadvisor.com\/images\/sp-badges\/boha-2021-solid-border.png?sp=76973960&amp;key=2178a0a6f1d893fc2c52cd6ceda20b33","contentUrl":"https:\/\/www.homeadvisor.com\/images\/sp-badges\/boha-2021-solid-border.png?sp=76973960&amp;key=2178a0a6f1d893fc2c52cd6ceda20b33"},{"@type":"BreadcrumbList","@id":"https:\/\/www.tienergy-usa.com\/about-us\/#breadcrumb","itemListElement":[{"@type":"ListItem","position":1,"name":"Home","item":"https:\/\/www.tienergy-usa.com\/"},{"@type":"ListItem","position":2,"name":"About Us"}]},{"@type":"WebSite","@id":"https:\/\/www.tienergy-usa.com\/#website","url":"https:\/\/www.tienergy-usa.com\/","name":"TiEnergy I Sostenibilidad Ferroviaria I Tie Recycling","description":"Cambia el proceso, cambia el mundo, un lazo a la vez.","potentialAction":[{"@type":"SearchAction","target":{"@type":"EntryPoint","urlTemplate":"https:\/\/www.tienergy-usa.com\/?s={search_term_string}"},"query-input":{"@type":"PropertyValueSpecification","valueRequired":true,"valueName":"search_term_string"}}],"inLanguage":"es-MX"}]}},"_links":{"self":[{"href":"https:\/\/www.tienergy-usa.com\/es\/wp-json\/wp\/v2\/pages\/765","targetHints":{"allow":["GET"]}}],"collection":[{"href":"https:\/\/www.tienergy-usa.com\/es\/wp-json\/wp\/v2\/pages"}],"about":[{"href":"https:\/\/www.tienergy-usa.com\/es\/wp-json\/wp\/v2\/types\/page"}],"author":[{"embeddable":true,"href":"https:\/\/www.tienergy-usa.com\/es\/wp-json\/wp\/v2\/users\/2"}],"replies":[{"embeddable":true,"href":"https:\/\/www.tienergy-usa.com\/es\/wp-json\/wp\/v2\/comments?post=765"}],"version-history":[{"count":6,"href":"https:\/\/www.tienergy-usa.com\/es\/wp-json\/wp\/v2\/pages\/765\/revisions"}],"predecessor-version":[{"id":1308,"href":"https:\/\/www.tienergy-usa.com\/es\/wp-json\/wp\/v2\/pages\/765\/revisions\/1308"}],"wp:attachment":[{"href":"https:\/\/www.tienergy-usa.com\/es\/wp-json\/wp\/v2\/media?parent=765"}],"curies":[{"name":"gracias","href":"https:\/\/api.w.org\/{rel}","templated":true}]}}