{"id":524,"date":"2023-01-17T18:23:03","date_gmt":"2023-01-17T18:23:03","guid":{"rendered":"http:\/\/tienergy.mmmrecycles.com\/?page_id=524"},"modified":"2023-09-01T16:45:41","modified_gmt":"2023-09-01T16:45:41","slug":"faq","status":"publish","type":"page","link":"https:\/\/www.tienergy-usa.com\/es\/preguntas-mas-frecuentes\/","title":{"rendered":"Preguntas m\u00e1s frecuentes"},"content":{"rendered":"<section class=\"section dark\" id=\"section_224531204\">\n\t\t<div class=\"section-bg fill\" >\n\t\t\t<img loading=\"lazy\" decoding=\"async\" width=\"1920\" height=\"1280\" src=\"https:\/\/www.tienergy-usa.com\/wp-content\/uploads\/2021\/06\/truck-fleet.jpg\" class=\"bg attachment- size-\" alt=\"\" \/>\t\t\t\t\t\t<div class=\"section-bg-overlay absolute fill\"><\/div>\n\t\t\t\n\n\t\t<\/div>\n\n\t\t\n\n\t\t<div class=\"section-content relative\">\n\t\t\t\n\n<div class=\"row\"  id=\"row-1906532158\">\n\n\n\t<div id=\"col-1986375620\" class=\"col small-12 large-12\"  >\n\t\t\t\t<div class=\"col-inner text-center\"  >\n\t\t\t\n\t\t\t\n\n\t<div id=\"gap-737900894\" class=\"gap-element clearfix\" style=\"display:block; height:auto;\">\n\t\t\n<style>\n#gap-737900894 {\n  padding-top: 31px;\n}\n<\/style>\n\t<\/div>\n\t\n\n\t<div id=\"text-3864259963\" class=\"text\">\n\t\t\n\n<h1 class=\"mb-half\">Preguntas m\u00e1s frecuentes<\/h1>\n\t\t\n<style>\n#text-3864259963 {\n  font-size: 2rem;\n}\n<\/style>\n\t<\/div>\n\t\n\n\t\t<\/div>\n\t\t\t\t\t<\/div>\n\n\t\n\n<\/div>\n\n\t\t<\/div>\n\n\t\t\n<style>\n#section_224531204 {\n  padding-top: 30px;\n  padding-bottom: 30px;\n  min-height: 40vh;\n}\n#section_224531204 .section-bg-overlay {\n  background-color: rgba(0,0,0,.5);\n}\n#section_224531204 .section-bg img {\n  object-position: 15% 60%;\n}\n<\/style>\n\t<\/section>\n\t\n\t<div id=\"gap-1265391576\" class=\"gap-element clearfix\" style=\"display:block; height:auto;\">\n\t\t\n<style>\n#gap-1265391576 {\n  padding-top: 39px;\n}\n<\/style>\n\t<\/div>\n\t\n\n\n\t<section class=\"section\" id=\"section_109914038\">\n\t\t<div class=\"section-bg fill\" >\n\t\t\t\t\t\t\t\t\t\n\t\t\t\n\n\t\t<\/div>\n\n\t\t\n\n\t\t<div class=\"section-content relative\">\n\t\t\t\n\n<div class=\"row align-center\"  id=\"row-1118885752\">\n\n\n\t<div id=\"col-1589963706\" class=\"col medium-10 small-12 large-9\"  >\n\t\t\t\t<div class=\"col-inner\"  >\n\t\t\t\n\t\t\t\n\n<div class=\"accordion\">\n\n\t<div id=\"accordion-362533678\" class=\"accordion-item\">\n\t\t<a id=\"accordion-362533678-label\" class=\"accordion-title plain\" href=\"#accordion-item-how-many-railroad-ties-can-tienergy-grind-in-one-day?\" aria-expanded=\"false\" aria-controls=\"accordion-362533678-content\" >\n\t\t\t<button class=\"toggle\" aria-label=\"Palanca\"><i class=\"icon-angle-down\"><\/i><\/button>\n\t\t\t<span>\u00bfCu\u00e1ntas traviesas de ferrocarril puede moler TiEnergy en un d\u00eda?<\/span>\n\t\t<\/a>\n\t\t<div id=\"accordion-362533678-content\" class=\"accordion-inner\" aria-labelledby=\"accordion-362533678-label\" >\n\t\t\t\n\n<p>Podemos moler alrededor de 5000 traviesas de ferrocarril por d\u00eda y alrededor de 1 mill\u00f3n al a\u00f1o.<\/p>\n\n\t\t<\/div>\n\t<\/div>\n\t\n\t<div id=\"accordion-597704994\" class=\"accordion-item\">\n\t\t<a id=\"accordion-597704994-label\" class=\"accordion-title plain\" href=\"#accordion-item-where-can-tienergy-mobilize-the-equipment-necessary-to-get-the-job-done?\" aria-expanded=\"false\" aria-controls=\"accordion-597704994-content\" >\n\t\t\t<button class=\"toggle\" aria-label=\"Palanca\"><i class=\"icon-angle-down\"><\/i><\/button>\n\t\t\t<span>\u00bfD\u00f3nde puede TiEnergy movilizar el equipo necesario para realizar el trabajo?<\/span>\n\t\t<\/a>\n\t\t<div id=\"accordion-597704994-content\" class=\"accordion-inner\" aria-labelledby=\"accordion-597704994-label\" >\n\t\t\t\n\n<p>Actualmente, tenemos la capacidad de movilizarnos a cualquier parte del Medio Oeste.<\/p>\n\n\t\t<\/div>\n\t<\/div>\n\t\n\t<div id=\"accordion-2260837870\" class=\"accordion-item\">\n\t\t<a id=\"accordion-2260837870-label\" class=\"accordion-title plain\" href=\"#accordion-item-can-tienergy-remove-tie-plates?\" aria-expanded=\"false\" aria-controls=\"accordion-2260837870-content\" >\n\t\t\t<button class=\"toggle\" aria-label=\"Palanca\"><i class=\"icon-angle-down\"><\/i><\/button>\n\t\t\t<span>\u00bfPuede TiEnergy quitar las placas de uni\u00f3n?<\/span>\n\t\t<\/a>\n\t\t<div id=\"accordion-2260837870-content\" class=\"accordion-inner\" aria-labelledby=\"accordion-2260837870-label\" >\n\t\t\t\n\n<p>S\u00ed, podemos, con la tecnolog\u00eda patentada de nuestro recogedor de placas de uni\u00f3n.<\/p>\n\n\t\t<\/div>\n\t<\/div>\n\t\n\t<div id=\"accordion-727079252\" class=\"accordion-item\">\n\t\t<a id=\"accordion-727079252-label\" class=\"accordion-title plain\" href=\"#accordion-item-what-type-of-equipment-is-used?\" aria-expanded=\"false\" aria-controls=\"accordion-727079252-content\" >\n\t\t\t<button class=\"toggle\" aria-label=\"Palanca\"><i class=\"icon-angle-down\"><\/i><\/button>\n\t\t\t<span>\u00bfQu\u00e9 tipo de equipo se utiliza?<\/span>\n\t\t<\/a>\n\t\t<div id=\"accordion-727079252-content\" class=\"accordion-inner\" aria-labelledby=\"accordion-727079252-label\" >\n\t\t\t\n\n<ol>\n<li style=\"font-weight: 400;\" aria-level=\"2\"><span style=\"font-weight: 400;\">CBI 8400<\/span><\/li>\n<li style=\"font-weight: 400;\" aria-level=\"2\"><span style=\"font-weight: 400;\">VOLVO 120<\/span><\/li>\n<li style=\"font-weight: 400;\" aria-level=\"2\"><span style=\"font-weight: 400;\">SERCO 300<\/span><\/li>\n<li style=\"font-weight: 400;\" aria-level=\"2\"><span style=\"font-weight: 400;\">KUBOTA 95-2<\/span><\/li>\n<li style=\"font-weight: 400;\" aria-level=\"2\"><span style=\"font-weight: 400;\">REMOLQUES CON PISO M\u00d3VIL TITAN<\/span><\/li>\n<li style=\"font-weight: 400;\" aria-level=\"2\"><span style=\"font-weight: 400;\">PETERBILT 378<\/span><\/li>\n<li style=\"font-weight: 400;\" aria-level=\"2\"><span style=\"font-weight: 400;\">KENWORTH T880<\/span><\/li>\n<li style=\"font-weight: 400;\" aria-level=\"2\"><span style=\"font-weight: 400;\">REMOLQUES DE COMBUSTIBLE THUNDERCREEK<\/span><\/li>\n<li style=\"font-weight: 400;\" aria-level=\"2\"><span style=\"font-weight: 400;\">RECOGEDOR DE PLACA DE AMARRE<\/span><\/li>\n<\/ol>\n\n\t\t<\/div>\n\t<\/div>\n\t\n\t<div id=\"accordion-4175293757\" class=\"accordion-item\">\n\t\t<a id=\"accordion-4175293757-label\" class=\"accordion-title plain\" href=\"#accordion-item-what-problems-can-tienergy-find-the-solutions-for?\" aria-expanded=\"false\" aria-controls=\"accordion-4175293757-content\" >\n\t\t\t<button class=\"toggle\" aria-label=\"Palanca\"><i class=\"icon-angle-down\"><\/i><\/button>\n\t\t\t<span>\u00bfPara qu\u00e9 problemas puede TiEnergy encontrar soluciones?<\/span>\n\t\t<\/a>\n\t\t<div id=\"accordion-4175293757-content\" class=\"accordion-inner\" aria-labelledby=\"accordion-4175293757-label\" >\n\t\t\t\n\n<ol>\n<li style=\"font-weight: 400;\" aria-level=\"2\"><span style=\"font-weight: 400;\">Podemos ayudar a limpiar las estaciones ferroviarias de clase 1, clase 2 y de l\u00ednea corta en todo el pa\u00eds para que las compa\u00f1\u00edas ferroviarias puedan poner sus tierras a trabajar para ellos en lugar de que se queden como una instalaci\u00f3n de almacenamiento para conexiones no deseadas.&nbsp;<\/span><\/li>\n<li style=\"font-weight: 400;\" aria-level=\"2\"><span style=\"font-weight: 400;\">Eliminamos las traviesas que, a su vez, eliminan el riesgo para las v\u00edas f\u00e9rreas. Los lazos no se amontonar\u00e1n ni se pudrir\u00e1n en la tierra ni se incendiar\u00e1n accidentalmente y causar\u00e1n da\u00f1os.&nbsp;<\/span><\/li>\n<li style=\"font-weight: 400;\" aria-level=\"2\"><span style=\"font-weight: 400;\">Si los ferrocarriles no tienen un lugar para que nos movilicemos, estamos preparados para aceptar traviesas usadas en The Belt Railway de Chicago. Al colocar durmientes de ferrocarril en vagones de ferrocarril, se reducen los costos de mano de obra para el ferrocarril.<\/span><\/li>\n<li style=\"font-weight: 400;\" aria-level=\"2\"><span style=\"font-weight: 400;\">Ayudamos a respaldar los objetivos de sostenibilidad de los ferrocarriles y, al mismo tiempo, mantenemos la eficiencia y el movimiento de los vertederos en todo el pa\u00eds. TIEROC es el subproducto de las traviesas de ferrocarril usadas y, una vez procesado, nos llevamos la molienda para reutilizarla en vertederos en todo Estados Unidos. Los durmientes servir\u00e1n para 2 prop\u00f3sitos m\u00e1s en su vida \u00fatil: una base de camino del vertedero (ADC o ACM) y en su fase final, TIEROC se convierte en una fuente de energ\u00eda para el vertedero mismo.&nbsp;&nbsp;<\/span><\/li>\n<\/ol>\n\n\t\t<\/div>\n\t<\/div>\n\t\n\n<\/div>\n\n\t\t<\/div>\n\t\t\t\t\t<\/div>\n\n\t\n\n<\/div>\n\n\t\t<\/div>\n\n\t\t\n<style>\n#section_109914038 {\n  padding-top: 30px;\n  padding-bottom: 30px;\n}\n<\/style>\n\t<\/section>","protected":false},"excerpt":{"rendered":"","protected":false},"author":2,"featured_media":0,"parent":0,"menu_order":0,"comment_status":"closed","ping_status":"closed","template":"page-blank.php","meta":{"footnotes":""},"class_list":["post-524","page","type-page","status-publish","hentry"],"yoast_head":"<!-- This site is optimized with the Yoast SEO plugin v27.4 - https:\/\/yoast.com\/product\/yoast-seo-wordpress\/ -->\n<title>Frequently Asked Questions about Railroad Ties Removal | TiEnergy<\/title>\n<meta name=\"description\" content=\"Our FAQ page offers answers about the rail road tie removal process, techniques, and considerations involved.\" \/>\n<meta name=\"robots\" content=\"index, follow, max-snippet:-1, max-image-preview:large, max-video-preview:-1\" \/>\n<link rel=\"canonical\" href=\"https:\/\/www.tienergy-usa.com\/es\/preguntas-mas-frecuentes\/\" \/>\n<meta property=\"og:locale\" content=\"es_MX\" \/>\n<meta property=\"og:type\" content=\"article\" \/>\n<meta property=\"og:title\" content=\"Frequently Asked Questions about Railroad Ties Removal | TiEnergy\" \/>\n<meta property=\"og:description\" content=\"Our FAQ page offers answers about the rail road tie removal process, techniques, and considerations involved.\" \/>\n<meta property=\"og:url\" content=\"https:\/\/www.tienergy-usa.com\/es\/preguntas-mas-frecuentes\/\" \/>\n<meta property=\"og:site_name\" content=\"TiEnergy I Railroad Sustainability I Tie Recycling\" \/>\n<meta property=\"article:modified_time\" content=\"2023-09-01T16:45:41+00:00\" \/>\n<meta name=\"twitter:card\" content=\"summary_large_image\" \/>\n<meta name=\"twitter:label1\" content=\"Tiempo de lectura\" \/>\n\t<meta name=\"twitter:data1\" content=\"2 minutes\" \/>\n<script type=\"application\/ld+json\" class=\"yoast-schema-graph\">{\"@context\":\"https:\\\/\\\/schema.org\",\"@graph\":[{\"@type\":\"WebPage\",\"@id\":\"https:\\\/\\\/www.tienergy-usa.com\\\/faq\\\/\",\"url\":\"https:\\\/\\\/www.tienergy-usa.com\\\/faq\\\/\",\"name\":\"Frequently Asked Questions about Railroad Ties Removal | TiEnergy\",\"isPartOf\":{\"@id\":\"https:\\\/\\\/www.tienergy-usa.com\\\/#website\"},\"datePublished\":\"2023-01-17T18:23:03+00:00\",\"dateModified\":\"2023-09-01T16:45:41+00:00\",\"description\":\"Our FAQ page offers answers about the rail road tie removal process, techniques, and considerations involved.\",\"breadcrumb\":{\"@id\":\"https:\\\/\\\/www.tienergy-usa.com\\\/faq\\\/#breadcrumb\"},\"inLanguage\":\"es-MX\",\"potentialAction\":[{\"@type\":\"ReadAction\",\"target\":[\"https:\\\/\\\/www.tienergy-usa.com\\\/faq\\\/\"]}]},{\"@type\":\"BreadcrumbList\",\"@id\":\"https:\\\/\\\/www.tienergy-usa.com\\\/faq\\\/#breadcrumb\",\"itemListElement\":[{\"@type\":\"ListItem\",\"position\":1,\"name\":\"Home\",\"item\":\"https:\\\/\\\/www.tienergy-usa.com\\\/\"},{\"@type\":\"ListItem\",\"position\":2,\"name\":\"FAQ\"}]},{\"@type\":\"WebSite\",\"@id\":\"https:\\\/\\\/www.tienergy-usa.com\\\/#website\",\"url\":\"https:\\\/\\\/www.tienergy-usa.com\\\/\",\"name\":\"TiEnergy I Railroad Sustainability I Tie Recycling\",\"description\":\"Change the process, change the world one tie at a time.\",\"potentialAction\":[{\"@type\":\"SearchAction\",\"target\":{\"@type\":\"EntryPoint\",\"urlTemplate\":\"https:\\\/\\\/www.tienergy-usa.com\\\/?s={search_term_string}\"},\"query-input\":{\"@type\":\"PropertyValueSpecification\",\"valueRequired\":true,\"valueName\":\"search_term_string\"}}],\"inLanguage\":\"es-MX\"}]}<\/script>\n<!-- \/ Yoast SEO plugin. -->","yoast_head_json":{"title":"Preguntas frecuentes sobre la eliminaci\u00f3n de durmientes ferroviarios | TiEnerg\u00eda","description":"Nuestra p\u00e1gina de preguntas frecuentes ofrece respuestas sobre el proceso de remoci\u00f3n de traviesas, t\u00e9cnicas y consideraciones involucradas.","robots":{"index":"index","follow":"follow","max-snippet":"max-snippet:-1","max-image-preview":"max-image-preview:large","max-video-preview":"max-video-preview:-1"},"canonical":"https:\/\/www.tienergy-usa.com\/es\/preguntas-mas-frecuentes\/","og_locale":"es_MX","og_type":"article","og_title":"Frequently Asked Questions about Railroad Ties Removal | TiEnergy","og_description":"Our FAQ page offers answers about the rail road tie removal process, techniques, and considerations involved.","og_url":"https:\/\/www.tienergy-usa.com\/es\/preguntas-mas-frecuentes\/","og_site_name":"TiEnergy I Railroad Sustainability I Tie Recycling","article_modified_time":"2023-09-01T16:45:41+00:00","twitter_card":"summary_large_image","twitter_misc":{"Tiempo de lectura":"2 minutes"},"schema":{"@context":"https:\/\/schema.org","@graph":[{"@type":"WebPage","@id":"https:\/\/www.tienergy-usa.com\/faq\/","url":"https:\/\/www.tienergy-usa.com\/faq\/","name":"Preguntas frecuentes sobre la eliminaci\u00f3n de durmientes ferroviarios | TiEnerg\u00eda","isPartOf":{"@id":"https:\/\/www.tienergy-usa.com\/#website"},"datePublished":"2023-01-17T18:23:03+00:00","dateModified":"2023-09-01T16:45:41+00:00","description":"Nuestra p\u00e1gina de preguntas frecuentes ofrece respuestas sobre el proceso de remoci\u00f3n de traviesas, t\u00e9cnicas y consideraciones involucradas.","breadcrumb":{"@id":"https:\/\/www.tienergy-usa.com\/faq\/#breadcrumb"},"inLanguage":"es-MX","potentialAction":[{"@type":"ReadAction","target":["https:\/\/www.tienergy-usa.com\/faq\/"]}]},{"@type":"BreadcrumbList","@id":"https:\/\/www.tienergy-usa.com\/faq\/#breadcrumb","itemListElement":[{"@type":"ListItem","position":1,"name":"Home","item":"https:\/\/www.tienergy-usa.com\/"},{"@type":"ListItem","position":2,"name":"FAQ"}]},{"@type":"WebSite","@id":"https:\/\/www.tienergy-usa.com\/#website","url":"https:\/\/www.tienergy-usa.com\/","name":"TiEnergy I Sostenibilidad Ferroviaria I Tie Recycling","description":"Cambia el proceso, cambia el mundo, un lazo a la vez.","potentialAction":[{"@type":"SearchAction","target":{"@type":"EntryPoint","urlTemplate":"https:\/\/www.tienergy-usa.com\/?s={search_term_string}"},"query-input":{"@type":"PropertyValueSpecification","valueRequired":true,"valueName":"search_term_string"}}],"inLanguage":"es-MX"}]}},"_links":{"self":[{"href":"https:\/\/www.tienergy-usa.com\/es\/wp-json\/wp\/v2\/pages\/524","targetHints":{"allow":["GET"]}}],"collection":[{"href":"https:\/\/www.tienergy-usa.com\/es\/wp-json\/wp\/v2\/pages"}],"about":[{"href":"https:\/\/www.tienergy-usa.com\/es\/wp-json\/wp\/v2\/types\/page"}],"author":[{"embeddable":true,"href":"https:\/\/www.tienergy-usa.com\/es\/wp-json\/wp\/v2\/users\/2"}],"replies":[{"embeddable":true,"href":"https:\/\/www.tienergy-usa.com\/es\/wp-json\/wp\/v2\/comments?post=524"}],"version-history":[{"count":5,"href":"https:\/\/www.tienergy-usa.com\/es\/wp-json\/wp\/v2\/pages\/524\/revisions"}],"predecessor-version":[{"id":1079,"href":"https:\/\/www.tienergy-usa.com\/es\/wp-json\/wp\/v2\/pages\/524\/revisions\/1079"}],"wp:attachment":[{"href":"https:\/\/www.tienergy-usa.com\/es\/wp-json\/wp\/v2\/media?parent=524"}],"curies":[{"name":"gracias","href":"https:\/\/api.w.org\/{rel}","templated":true}]}}