{"id":1205,"date":"2024-07-09T18:32:58","date_gmt":"2024-07-09T23:32:58","guid":{"rendered":"https:\/\/www.tienergy-usa.com\/?page_id=1205"},"modified":"2026-03-23T16:35:16","modified_gmt":"2026-03-23T21:35:16","slug":"contact-us-form","status":"publish","type":"page","link":"https:\/\/www.tienergy-usa.com\/es\/contactenos-2\/","title":{"rendered":"Cont\u00e1ctenos"},"content":{"rendered":"<section class=\"section dark\" id=\"section_756734132\">\n\t\t<div class=\"section-bg fill\" >\n\t\t\t<img loading=\"lazy\" decoding=\"async\" width=\"1024\" height=\"429\" src=\"https:\/\/www.tienergy-usa.com\/wp-content\/uploads\/2023\/07\/TiEnergy_Rail-Tie-and-Wood-Waste-Recycling-and-Repurposing-Experts_Sustainability-in-Railroad-Industry-1.jpg\" class=\"bg attachment-original size-original\" alt=\"\" \/>\t\t\t\t\t\t<div class=\"section-bg-overlay absolute fill\"><\/div>\n\t\t\t\n\n\t\t<\/div>\n\n\t\t\n\n\t\t<div class=\"section-content relative\">\n\t\t\t\n\n\t<div id=\"gap-943321850\" class=\"gap-element clearfix\" style=\"display:block; height:auto;\">\n\t\t\n<style>\n#gap-943321850 {\n  padding-top: 31px;\n}\n<\/style>\n\t<\/div>\n\t\n\n<div class=\"row\"  id=\"row-1526784848\">\n\n\n\t<div id=\"col-2061770705\" class=\"col medium-10 small-12 large-6\"  >\n\t\t\t\t<div class=\"col-inner text-shadow-5\"  >\n\t\t\t\n\t\t\t\n\n\t<div id=\"text-755561590\" class=\"text\">\n\t\t\n\n<h1 class=\"display-2 no-margin\">vamos a conectar<\/h1>\n<p class=\"lead\">As\u00f3ciese con TiEnergy para reciclar durmientes de ferrocarril y<br \/>\nCumpla sus objetivos de sostenibilidad<\/p>\n\t\t\n<style>\n#text-755561590 {\n  font-size: 1.25rem;\n  text-align: left;\n}\n@media (min-width:550px) {\n  #text-755561590 {\n    font-size: 1rem;\n  }\n}\n<\/style>\n\t<\/div>\n\t\n\n\t\t<\/div>\n\t\t\t\t\t<\/div>\n\n\t\n\n<\/div>\n\n\t\t<\/div>\n\n\t\t\n<style>\n#section_756734132 {\n  padding-top: 123px;\n  padding-bottom: 123px;\n  background-color: rgb(40, 40, 40);\n}\n#section_756734132 .section-bg-overlay {\n  background-color: rgba(0, 0, 0, 0.488);\n}\n#section_756734132 .section-bg img {\n  object-position: 100% 100%;\n}\n@media (min-width:850px) {\n  #section_756734132 .section-bg-overlay {\n    background-color: rgba(0, 0, 0, 0.523);\n  }\n}\n<\/style>\n\t<\/section>\n\t\n\n\t<section class=\"section\" id=\"section_1713277635\">\n\t\t<div class=\"section-bg fill\" >\n\t\t\t\t\t\t\t\t\t\n\t\t\t\n\n\t\t<\/div>\n\n\t\t\n\n\t\t<div class=\"section-content relative\">\n\t\t\t\n\n\t<div id=\"gap-1807773661\" class=\"gap-element clearfix\" style=\"display:block; height:auto;\">\n\t\t\n<style>\n#gap-1807773661 {\n  padding-top: 31px;\n}\n<\/style>\n\t<\/div>\n\t\n\n<div class=\"row align-center\"  id=\"row-76093647\">\n\n\n\t<div id=\"col-1441798809\" class=\"col medium-11 small-12 large-7\"  >\n\t\t\t\t<div class=\"col-inner box-shadow-5\" style=\"background-color:rgb(255,255,255);\" >\n\t\t\t\n\t\t\t\n\n\n\n<iframe loading=\"lazy\" src=\"https:\/\/forms.monday.com\/forms\/embed\/e506ce9ba5094bc01221adfcefcc7d30?r=use1\" width=\"650\" height=\"1200\" style=\"border: 0; box-shadow: 5px 5px 56px 0px rgba(0,0,0,0.25);\"><\/iframe>\n\n\n\t\t<\/div>\n\t\t\t\t\n<style>\n#col-1441798809 > .col-inner {\n  padding: 0px 50px 50px 50px;\n}\n<\/style>\n\t<\/div>\n\n\t\n\n\t<div id=\"col-1867001044\" class=\"col medium-11 small-12 large-5\"  >\n\t\t\t\t<div class=\"col-inner\"  >\n\t\t\t\n\t\t\t\n\n<h3>Oficina corporativa<\/h3>\n<p>270 N Estado St.<br \/>Hampshire, IL 60140<\/p>\n<p>D\u00e9janos un <a href=\"https:\/\/g.page\/r\/CWtkNgfVCtdKEBM\/review\">Rese\u00f1a de Google<\/a>.<\/p>\n<div class=\"google-maps\"><iframe loading=\"lazy\" style=\"border: 0;\" src=\"https:\/\/www.google.com\/maps\/embed?pb=!1m18!1m12!1m3!1d2960.30903286809!2d-88.53264148405393!3d42.10085187920495!2m3!1f0!2f0!3f0!3m2!1i1024!2i768!4f13.1!3m3!1m2!1s0x880f3cf1a84434b5%3A0x22be7aeb3e6518c9!2s270%20N%20State%20St%2C%20Hampshire%2C%20IL%2060140!5e0!3m2!1sen!2sus!4v1639767410855!5m2!1sen!2sus\" width=\"600\" height=\"450\" allowfullscreen=\"allowfullscreen\"><\/iframe><\/div>\n\t<div id=\"gap-2104038681\" class=\"gap-element clearfix\" style=\"display:block; height:auto;\">\n\t\t\n<style>\n#gap-2104038681 {\n  padding-top: 30px;\n}\n<\/style>\n\t<\/div>\n\t\n\n<h4>Quitar y reutilizar durmientes de ferrocarril\u00a0<\/h4>\n<p>Al perfeccionar el proceso de reciclaje de viejas traviesas de ferrocarril utilizando nuestra tecnolog\u00eda patentada de eliminaci\u00f3n de placas de traviesas y pulido de traviesas enteras,\u00a0<a href=\"http:\/\/tienergy.mmmrecycles.com\/\">TiEnerg\u00eda<\/a>\u00a0es la alternativa rentable a las v\u00edas de eliminaci\u00f3n tradicionales.<\/p>\n<p>Act\u00fae y elimine el potencial\u00a0<a href=\"http:\/\/tienergy.mmmrecycles.com\/in-the-news\/railroads-good-news-on-the-good-neighbor-plan\/\">ambiental<\/a>\u00a0y\/o riesgos de seguridad al programar su proyecto de reciclaje de durmientes de ferrocarril hoy mismo.<\/p>\n<p>TiEnergy puede aceptar durmientes ferroviarios desde cualquier parte del pa\u00eds envi\u00e1ndolos a The Belt Railway Company en Chicago. La empresa tambi\u00e9n puede movilizarse a cualquier parte del Medio Oeste y reparar las v\u00edas del ferrocarril en el sitio y transportar fuera del sitio.<\/p>\n<p>Llame a TiEnergy al <a href=\"tel:18474266354\">(847) 426-6354<\/a>, complete el formulario a continuaci\u00f3n o <a href=\"https:\/\/cal.services\/Gregk\/Details-Meeting\/lVn7_cwK8\" target=\"_blank\" rel=\"noopener\">reservar una reuni\u00f3n<\/a> con Greg.<\/p>\n\n\t\t<\/div>\n\t\t\t\t\t<\/div>\n\n\t\n\n<\/div>\n\n\t\t<\/div>\n\n\t\t\n<style>\n#section_1713277635 {\n  padding-top: 10px;\n  padding-bottom: 10px;\n  background-color: rgba(189, 188, 182, 0.203);\n}\n<\/style>\n\t<\/section>\n\t\n\n\t<section class=\"section\" id=\"section_1727567678\">\n\t\t<div class=\"section-bg fill\" >\n\t\t\t\t\t\t\t\t\t\n\t\t\t\n\n\t\t<\/div>\n\n\t\t\n\n\t\t<div class=\"section-content relative\">\n\t\t\t\n\n\t<div id=\"gap-459367810\" class=\"gap-element clearfix\" style=\"display:block; height:auto;\">\n\t\t\n<style>\n#gap-459367810 {\n  padding-top: 31px;\n}\n<\/style>\n\t<\/div>\n\t\n\n<div class=\"container section-title-container\" ><h2 class=\"section-title section-title-bold\"><b><\/b><span class=\"section-title-main\" >Contactos<\/span><b><\/b><\/h2><\/div>\n\n<div class=\"row\"  id=\"row-42958073\">\n\n\n\t<div id=\"col-553367619\" class=\"col medium-4 small-12 large-4\"  >\n\t\t\t\t<div class=\"col-inner\"  >\n\t\t\t\n\t\t\t\n\n<div class=\"fusion-text\">\n<p><strong>Tel\u00e9fono: <a href=\"tel:+18474266354\">(847) 426-6354<\/a><\/strong><br \/><strong>Balanza: <a href=\"tel:+18476459516\">(847) 645-9516<\/a><\/strong><br \/><strong>Fax: (847) 426-0146<\/strong><\/p>\n<\/div>\n<p><strong>Horas de operaci\u00f3n:<\/strong><br \/><strong>FM<\/strong> 7:00 a. m. a 4:00 p. m.<br \/><strong>s\u00e1bados<\/strong> \u2013 7:00 am \u2013 12:00 pm<br \/><strong>Domingos cerrado<\/strong><br \/><small>LAS HORAS VAR\u00cdAN SEG\u00daN LA TEMPORADA, POR FAVOR LLAME ANTES<\/small><br \/><small>En vigor el 1\/1\/2024<\/small><\/p>\n\n\t\t<\/div>\n\t\t\t\t\t<\/div>\n\n\t\n\n\t<div id=\"col-1228757457\" class=\"col medium-4 small-12 large-4\"  >\n\t\t\t\t<div class=\"col-inner\"  >\n\t\t\t\n\t\t\t\n\n\t<div id=\"text-3459117611\" class=\"text\">\n\t\t\n\n<p><strong>Empresas del Medio Oeste<br \/><\/strong>Transporte \/ Despacho \/ Ventas de flotas \/ Precios: Greg Kutschke<\/p>\n<p><strong>Gesti\u00f3n de materiales del medio oeste<br \/><\/strong>Transporte \/ Precios: Greg Kutschke<\/p>\n<p><strong>C &amp; D Reciclaje<\/strong><br \/>steve berglund<\/p>\n\t\t\n<style>\n#text-3459117611 {\n  font-size: 0.9rem;\n}\n<\/style>\n\t<\/div>\n\t\n\n\t\t<\/div>\n\t\t\t\t\t<\/div>\n\n\t\n\n\t<div id=\"col-711328113\" class=\"col medium-4 small-12 large-4\"  >\n\t\t\t\t<div class=\"col-inner\"  >\n\t\t\t\n\t\t\t\n\n\t<div id=\"text-2509663352\" class=\"text\">\n\t\t\n\n<p><strong>TiEnerg\u00eda<\/strong><br>greg kutschke<\/p>\n<p><strong>TIEROC<\/strong><br>greg kutschke<\/p>\n\t\t\n<style>\n#text-2509663352 {\n  font-size: 0.9rem;\n}\n<\/style>\n\t<\/div>\n\t\n\n\t\t<\/div>\n\t\t\t\t\t<\/div>\n\n\t\n\n<\/div>\n\n\t\t<\/div>\n\n\t\t\n<style>\n#section_1727567678 {\n  padding-top: 58px;\n  padding-bottom: 58px;\n  background-color: rgb(245, 245, 245);\n}\n@media (min-width:550px) {\n  #section_1727567678 {\n    padding-top: 82px;\n    padding-bottom: 82px;\n  }\n}\n<\/style>\n\t<\/section>","protected":false},"excerpt":{"rendered":"","protected":false},"author":2,"featured_media":0,"parent":0,"menu_order":0,"comment_status":"closed","ping_status":"closed","template":"page-blank.php","meta":{"footnotes":""},"class_list":["post-1205","page","type-page","status-publish","hentry"],"yoast_head":"<!-- This site is optimized with the Yoast SEO plugin v27.4 - https:\/\/yoast.com\/product\/yoast-seo-wordpress\/ -->\n<title>TiEnergy I Railroad Sustainability I Tie Recycling I Save 3.06 lbs of CO2\/tie<\/title>\n<meta name=\"description\" content=\"Save 3.06 lbs. of CO2 per retired tie. We remove, recycle and repurpose railroad ties and wood waste, call (847) 426-6354 or fill out a form.\" \/>\n<meta name=\"robots\" content=\"index, follow, max-snippet:-1, max-image-preview:large, max-video-preview:-1\" \/>\n<link rel=\"canonical\" href=\"https:\/\/www.tienergy-usa.com\/es\/contactenos-2\/\" \/>\n<meta property=\"og:locale\" content=\"es_MX\" \/>\n<meta property=\"og:type\" content=\"article\" \/>\n<meta property=\"og:title\" content=\"TiEnergy I Railroad Sustainability I Tie Recycling I Save 3.06 lbs of CO2\/tie\" \/>\n<meta property=\"og:description\" content=\"Save 3.06 lbs. of CO2 per retired tie. We remove, recycle and repurpose railroad ties and wood waste, call (847) 426-6354 or fill out a form.\" \/>\n<meta property=\"og:url\" content=\"https:\/\/www.tienergy-usa.com\/es\/contactenos-2\/\" \/>\n<meta property=\"og:site_name\" content=\"TiEnergy I Railroad Sustainability I Tie Recycling\" \/>\n<meta property=\"article:modified_time\" content=\"2026-03-23T21:35:16+00:00\" \/>\n<meta name=\"twitter:card\" content=\"summary_large_image\" \/>\n<script type=\"application\/ld+json\" class=\"yoast-schema-graph\">{\"@context\":\"https:\\\/\\\/schema.org\",\"@graph\":[{\"@type\":\"WebPage\",\"@id\":\"https:\\\/\\\/www.tienergy-usa.com\\\/contact-us-form\\\/\",\"url\":\"https:\\\/\\\/www.tienergy-usa.com\\\/contact-us-form\\\/\",\"name\":\"TiEnergy I Railroad Sustainability I Tie Recycling I Save 3.06 lbs of CO2\\\/tie\",\"isPartOf\":{\"@id\":\"https:\\\/\\\/www.tienergy-usa.com\\\/#website\"},\"datePublished\":\"2024-07-09T23:32:58+00:00\",\"dateModified\":\"2026-03-23T21:35:16+00:00\",\"description\":\"Save 3.06 lbs. of CO2 per retired tie. We remove, recycle and repurpose railroad ties and wood waste, call (847) 426-6354 or fill out a form.\",\"breadcrumb\":{\"@id\":\"https:\\\/\\\/www.tienergy-usa.com\\\/contact-us-form\\\/#breadcrumb\"},\"inLanguage\":\"es-MX\",\"potentialAction\":[{\"@type\":\"ReadAction\",\"target\":[\"https:\\\/\\\/www.tienergy-usa.com\\\/contact-us-form\\\/\"]}]},{\"@type\":\"BreadcrumbList\",\"@id\":\"https:\\\/\\\/www.tienergy-usa.com\\\/contact-us-form\\\/#breadcrumb\",\"itemListElement\":[{\"@type\":\"ListItem\",\"position\":1,\"name\":\"Home\",\"item\":\"https:\\\/\\\/www.tienergy-usa.com\\\/\"},{\"@type\":\"ListItem\",\"position\":2,\"name\":\"Contact Us\"}]},{\"@type\":\"WebSite\",\"@id\":\"https:\\\/\\\/www.tienergy-usa.com\\\/#website\",\"url\":\"https:\\\/\\\/www.tienergy-usa.com\\\/\",\"name\":\"TiEnergy I Railroad Sustainability I Tie Recycling\",\"description\":\"Change the process, change the world one tie at a time.\",\"potentialAction\":[{\"@type\":\"SearchAction\",\"target\":{\"@type\":\"EntryPoint\",\"urlTemplate\":\"https:\\\/\\\/www.tienergy-usa.com\\\/?s={search_term_string}\"},\"query-input\":{\"@type\":\"PropertyValueSpecification\",\"valueRequired\":true,\"valueName\":\"search_term_string\"}}],\"inLanguage\":\"es-MX\"}]}<\/script>\n<!-- \/ Yoast SEO plugin. -->","yoast_head_json":{"title":"TiEnergy I Sostenibilidad ferroviaria I Reciclaje de traviesas I Ahorro de 3,06 libras de CO2 por traviesa","description":"Ahorre 3,06 libras de CO2 por cada traviesa que retire. Retiramos, reciclamos y reutilizamos traviesas de ferrocarril y desechos de madera. Llame al (847) 426-6354 o complete un formulario.","robots":{"index":"index","follow":"follow","max-snippet":"max-snippet:-1","max-image-preview":"max-image-preview:large","max-video-preview":"max-video-preview:-1"},"canonical":"https:\/\/www.tienergy-usa.com\/es\/contactenos-2\/","og_locale":"es_MX","og_type":"article","og_title":"TiEnergy I Railroad Sustainability I Tie Recycling I Save 3.06 lbs of CO2\/tie","og_description":"Save 3.06 lbs. of CO2 per retired tie. We remove, recycle and repurpose railroad ties and wood waste, call (847) 426-6354 or fill out a form.","og_url":"https:\/\/www.tienergy-usa.com\/es\/contactenos-2\/","og_site_name":"TiEnergy I Railroad Sustainability I Tie Recycling","article_modified_time":"2026-03-23T21:35:16+00:00","twitter_card":"summary_large_image","schema":{"@context":"https:\/\/schema.org","@graph":[{"@type":"WebPage","@id":"https:\/\/www.tienergy-usa.com\/contact-us-form\/","url":"https:\/\/www.tienergy-usa.com\/contact-us-form\/","name":"TiEnergy I Sostenibilidad ferroviaria I Reciclaje de traviesas I Ahorro de 3,06 libras de CO2 por traviesa","isPartOf":{"@id":"https:\/\/www.tienergy-usa.com\/#website"},"datePublished":"2024-07-09T23:32:58+00:00","dateModified":"2026-03-23T21:35:16+00:00","description":"Ahorre 3,06 libras de CO2 por cada traviesa que retire. Retiramos, reciclamos y reutilizamos traviesas de ferrocarril y desechos de madera. Llame al (847) 426-6354 o complete un formulario.","breadcrumb":{"@id":"https:\/\/www.tienergy-usa.com\/contact-us-form\/#breadcrumb"},"inLanguage":"es-MX","potentialAction":[{"@type":"ReadAction","target":["https:\/\/www.tienergy-usa.com\/contact-us-form\/"]}]},{"@type":"BreadcrumbList","@id":"https:\/\/www.tienergy-usa.com\/contact-us-form\/#breadcrumb","itemListElement":[{"@type":"ListItem","position":1,"name":"Home","item":"https:\/\/www.tienergy-usa.com\/"},{"@type":"ListItem","position":2,"name":"Contact Us"}]},{"@type":"WebSite","@id":"https:\/\/www.tienergy-usa.com\/#website","url":"https:\/\/www.tienergy-usa.com\/","name":"TiEnergy I Sostenibilidad Ferroviaria I Tie Recycling","description":"Cambia el proceso, cambia el mundo, un lazo a la vez.","potentialAction":[{"@type":"SearchAction","target":{"@type":"EntryPoint","urlTemplate":"https:\/\/www.tienergy-usa.com\/?s={search_term_string}"},"query-input":{"@type":"PropertyValueSpecification","valueRequired":true,"valueName":"search_term_string"}}],"inLanguage":"es-MX"}]}},"_links":{"self":[{"href":"https:\/\/www.tienergy-usa.com\/es\/wp-json\/wp\/v2\/pages\/1205","targetHints":{"allow":["GET"]}}],"collection":[{"href":"https:\/\/www.tienergy-usa.com\/es\/wp-json\/wp\/v2\/pages"}],"about":[{"href":"https:\/\/www.tienergy-usa.com\/es\/wp-json\/wp\/v2\/types\/page"}],"author":[{"embeddable":true,"href":"https:\/\/www.tienergy-usa.com\/es\/wp-json\/wp\/v2\/users\/2"}],"replies":[{"embeddable":true,"href":"https:\/\/www.tienergy-usa.com\/es\/wp-json\/wp\/v2\/comments?post=1205"}],"version-history":[{"count":6,"href":"https:\/\/www.tienergy-usa.com\/es\/wp-json\/wp\/v2\/pages\/1205\/revisions"}],"predecessor-version":[{"id":1306,"href":"https:\/\/www.tienergy-usa.com\/es\/wp-json\/wp\/v2\/pages\/1205\/revisions\/1306"}],"wp:attachment":[{"href":"https:\/\/www.tienergy-usa.com\/es\/wp-json\/wp\/v2\/media?parent=1205"}],"curies":[{"name":"gracias","href":"https:\/\/api.w.org\/{rel}","templated":true}]}}